{"id":16,"date":"2025-04-24T15:21:43","date_gmt":"2025-04-24T15:21:43","guid":{"rendered":"https:\/\/professionelle-umzugsunternehmen-leipzig.de\/about-us\/"},"modified":"2025-11-16T19:52:44","modified_gmt":"2025-11-16T17:52:44","slug":"uber-uns","status":"publish","type":"page","link":"https:\/\/professionelle-umzugsunternehmen-leipzig.de\/en\/information-about-us\/","title":{"rendered":"About Us"},"content":{"rendered":"<div class=\"wp-block-uagb-container uagb-block-4c3875af alignfull uagb-is-root-container\"><div class=\"uagb-container-inner-blocks-wrap\">\n<div class=\"wp-block-uagb-advanced-heading uagb-block-36237826\"><h1 class=\"uagb-heading-text\">About Us<\/h1><\/div>\n<\/div><\/div>\n\n\n\n<div class=\"wp-block-uagb-container uagb-block-5cf03063 alignfull uagb-is-root-container\"><div class=\"uagb-container-inner-blocks-wrap\">\n<div class=\"wp-block-uagb-image alignleft uagb-block-6d75d68d wp-block-uagb-image--layout-default wp-block-uagb-image--effect-static wp-block-uagb-image--align-left\"><figure class=\"wp-block-uagb-image__figure\"><img decoding=\"async\" srcset=\"https:\/\/professionelle-umzugsunternehmen-leipzig.de\/wp-content\/uploads\/2025\/10\/ChatGPT-Image-Jul-29-2025-06_16_18-PM-2-683x1024.png ,https:\/\/professionelle-umzugsunternehmen-leipzig.de\/wp-content\/uploads\/2025\/10\/ChatGPT-Image-Jul-29-2025-06_16_18-PM-2.png 780w, https:\/\/professionelle-umzugsunternehmen-leipzig.de\/wp-content\/uploads\/2025\/10\/ChatGPT-Image-Jul-29-2025-06_16_18-PM-2.png 360w\" sizes=\"auto, (max-width: 480px) 150px\" src=\"https:\/\/professionelle-umzugsunternehmen-leipzig.de\/wp-content\/uploads\/2025\/10\/ChatGPT-Image-Jul-29-2025-06_16_18-PM-2-683x1024.png\" alt=\"\" class=\"uag-image-3798\" width=\"575\" height=\"747\" title=\"ChatGPT-Image-Jul-29-2025-06_16_18-PM (2)\" loading=\"lazy\" role=\"img\"\/><\/figure><\/div>\n\n\n\n<div class=\"wp-block-uagb-container uagb-block-05150e62\">\n<div class=\"wp-block-uagb-advanced-heading uagb-block-a2b3848d\"><h2 class=\"uagb-heading-text\"><strong>On-site service \u2013 Praktik Transport and Removals Leipzig<\/strong><\/h2><p class=\"uagb-desc-text\">For many years <strong>Practical Transport and Removals<\/strong> for quality and reliability throughout the region.<br>Whether it&#039;s a private, corporate, or special move \u2013 we are wherever you need us., <strong>quickly on the scene<\/strong>.<br>Our experienced team will ensure that your move goes smoothly. <strong>professional, safe and punctual<\/strong> is carried out \u2013 in <strong>Leipzig<\/strong> and nationwide.<\/p><\/div>\n<\/div>\n<\/div><\/div>\n\n\n\n<div class=\"wp-block-uagb-container uagb-block-qd2taihi alignfull uagb-is-root-container\"><div class=\"uagb-container-inner-blocks-wrap\">\n<div class=\"wp-block-uagb-info-box uagb-block-iz8lz3nx uagb-infobox__content-wrap  uagb-infobox-icon-above-title uagb-infobox-image-valign-top\"><div class=\"uagb-ifb-content\"><div class=\"uagb-ifb-title-wrap\"><h2 class=\"uagb-ifb-title\">Our philosophy<\/h2><\/div><p class=\"uagb-ifb-desc\">At Praktik Transport und Umz\u00fcge, the <strong>People at the center<\/strong>.<br><strong>Reliability, trust and diligence<\/strong> form the basis of every order we accept.<\/p><\/div><\/div>\n\n\n\n<div class=\"wp-block-uagb-info-box uagb-block-8ca01fe0 uagb-infobox__content-wrap  uagb-infobox-icon-above-title uagb-infobox-image-valign-top\"><div class=\"uagb-ifb-content\"><div class=\"uagb-ifb-title-wrap\"><h2 class=\"uagb-ifb-title\">Locally<\/h2><\/div><p class=\"uagb-ifb-desc\">We are in daily <strong>Leipzig and surrounding area<\/strong> in use \u2013<br><strong>flexible, fast and always with personal service<\/strong> for our customers.<\/p><\/div><\/div>\n\n\n\n<div class=\"wp-block-uagb-info-box uagb-block-8d8e42ae uagb-infobox__content-wrap  uagb-infobox-icon-above-title uagb-infobox-image-valign-top\"><div class=\"uagb-ifb-content\"><div class=\"uagb-ifb-title-wrap\"><h2 class=\"uagb-ifb-title\">What sets us apart<\/h2><\/div><p class=\"uagb-ifb-desc\">As <strong>Best moving company in Leipzig<\/strong> We connect <strong>Experience, quality and fair prices<\/strong> in every performance.<br>Our customers benefit from a <strong>precise working methods<\/strong>, modern equipment and a <strong>dedicated team<\/strong>, which carefully plans and executes every move.<\/p><\/div><\/div>\n\n\n\n<div class=\"wp-block-uagb-info-box uagb-block-7471a508 uagb-infobox__content-wrap  uagb-infobox-icon-above-title uagb-infobox-image-valign-top\"><div class=\"uagb-ifb-content\"><div class=\"uagb-ifb-title-wrap\"><h2 class=\"uagb-ifb-title\">Regionally rooted \u2013 active throughout Europe<\/h2><\/div><p class=\"uagb-ifb-desc\">With Praktik Transport und Umz\u00fcge, you are choosing an experienced company that operates both regionally and throughout Germany and Europe.<br>Whether regional, nationwide or international \u2013 we offer <strong>flexible transport and relocation solutions<\/strong>, which you can rely on at any time.<br>Trust in the <strong>Best moving company in Leipzig<\/strong> \u2013<br><strong>Quality, safety and range<\/strong> for every move.<\/p><\/div><\/div>\n\n\n\n<div class=\"wp-block-uagb-container uagb-block-ndowxzi7\"><\/div>\n<\/div><\/div>\n\n\n\n<div class=\"wp-block-uagb-container uagb-block-9caa1a47 alignfull uagb-is-root-container\"><div class=\"uagb-container-inner-blocks-wrap\">\n<div class=\"wp-block-uagb-advanced-heading uagb-block-3a57683f\"><h2 class=\"uagb-heading-text\">\ud83d\udcde Request additional cargo now &amp; save money<\/h2><\/div>\n\n\n\n<div class=\"wp-block-uagb-buttons uagb-buttons__outer-wrap uagb-btn__default-btn uagb-btn-tablet__default-btn uagb-btn-mobile__default-btn uagb-block-9979be0d\"><div class=\"uagb-buttons__wrap uagb-buttons-layout-wrap\">\n<div class=\"wp-block-uagb-buttons-child uagb-buttons__outer-wrap uagb-block-84fd34e5 wp-block-button\"><div class=\"uagb-button__wrapper\"><a class=\"uagb-buttons-repeater wp-block-button__link\" aria-label=\"\" href=\"https:\/\/professionelle-umzugsunternehmen-leipzig.de\/en\/request-a-quote\/\" rel=\"follow noopener\" target=\"_self\" role=\"button\"><div class=\"uagb-button__link\">Request a quote<\/div><\/a><\/div><\/div>\n<\/div><\/div>\n\n\n\n<div class=\"wp-block-uagb-buttons uagb-buttons__outer-wrap uagb-btn__default-btn uagb-btn-tablet__default-btn uagb-btn-mobile__default-btn uagb-block-f7add131\"><div class=\"uagb-buttons__wrap uagb-buttons-layout-wrap\">\n<div class=\"wp-block-uagb-buttons-child uagb-buttons__outer-wrap uagb-block-0c11dd62 wp-block-button\"><div class=\"uagb-button__wrapper\"><a class=\"uagb-buttons-repeater wp-block-button__link\" aria-label=\"\" href=\"https:\/\/professionelle-umzugsunternehmen-leipzig.de\/en\/quick-inquiry\/\" rel=\"follow noopener\" target=\"_self\" role=\"button\"><div class=\"uagb-button__link\">Quick request<\/div><\/a><\/div><\/div>\n<\/div><\/div>\n\n\n\n<div class=\"wp-block-uagb-buttons uagb-buttons__outer-wrap uagb-btn__default-btn uagb-btn-tablet__default-btn uagb-btn-mobile__default-btn uagb-block-fc4cb596\"><div class=\"uagb-buttons__wrap uagb-buttons-layout-wrap\">\n<div class=\"wp-block-uagb-buttons-child uagb-buttons__outer-wrap uagb-block-6d810b26 wp-block-button\"><div class=\"uagb-button__wrapper\"><a class=\"uagb-buttons-repeater wp-block-button__link\" aria-label=\"\" href=\"https:\/\/professionelle-umzugsunternehmen-leipzig.de\/en\/get-in-touch\/\" rel=\"follow noopener\" target=\"_self\" role=\"button\"><div class=\"uagb-button__link\">Contact us<\/div><\/a><\/div><\/div>\n<\/div><\/div>\n\n\n\n<div class=\"wp-block-uagb-buttons uagb-buttons__outer-wrap uagb-btn__default-btn uagb-btn-tablet__default-btn uagb-btn-mobile__default-btn uagb-block-69da2b3b\"><div class=\"uagb-buttons__wrap uagb-buttons-layout-wrap\">\n<div class=\"wp-block-uagb-buttons-child uagb-buttons__outer-wrap uagb-block-1018754e wp-block-button\"><div class=\"uagb-button__wrapper\"><a class=\"uagb-buttons-repeater wp-block-button__link\" aria-label=\"\" href=\"https:\/\/professionelle-umzugsunternehmen-leipzig.de\/en\/information-about-us\/\" rel=\"follow noopener\" target=\"_self\" role=\"button\"><div class=\"uagb-button__link\">About Us<\/div><\/a><\/div><\/div>\n<\/div><\/div>\n\n\n\n<div class=\"wp-block-uagb-advanced-heading uagb-block-838a0a13\"><div class=\"uagb-separator\"><\/div><h3 class=\"uagb-heading-text\">Free consultation? +49 1625978461<\/h3><\/div>\n<\/div><\/div>","protected":false},"excerpt":{"rendered":"<p>\u00dcber uns Service vor Ort \u2013 Praktik Transport und Umz\u00fcge Leipzig Seit vielen Jahren steht Praktik Transport und Umz\u00fcge f\u00fcr Qualit\u00e4t und Zuverl\u00e4ssigkeit in der gesamten Region.Ob Privat-, Firmen- oder Spezialumzug \u2013 wir sind \u00fcberall dort, wo Sie uns brauchen, schnell zur Stelle.Unser erfahrenes Team sorgt daf\u00fcr, dass Ihr Umzug professionell, sicher und p\u00fcnktlich ausgef\u00fchrt [&hellip;]<\/p>\n","protected":false},"author":1,"featured_media":0,"parent":0,"menu_order":0,"comment_status":"closed","ping_status":"closed","template":"","meta":{"_uag_custom_page_level_css":"","site-sidebar-layout":"no-sidebar","site-content-layout":"plain-container","ast-site-content-layout":"full-width-container","site-content-style":"unboxed","site-sidebar-style":"unboxed","ast-global-header-display":"","ast-banner-title-visibility":"","ast-main-header-display":"","ast-hfb-above-header-display":"","ast-hfb-below-header-display":"","ast-hfb-mobile-header-display":"","site-post-title":"disabled","ast-breadcrumbs-content":"","ast-featured-img":"","footer-sml-layout":"","ast-disable-related-posts":"","theme-transparent-header-meta":"","adv-header-id-meta":"","stick-header-meta":"","header-above-stick-meta":"","header-main-stick-meta":"","header-below-stick-meta":"","astra-migrate-meta-layouts":"set","ast-page-background-enabled":"default","ast-page-background-meta":{"desktop":{"background-color":"var(--ast-global-color-4)","background-image":"","background-repeat":"repeat","background-position":"center center","background-size":"auto","background-attachment":"scroll","background-type":"","background-media":"","overlay-type":"","overlay-color":"","overlay-opacity":"","overlay-gradient":""},"tablet":{"background-color":"","background-image":"","background-repeat":"repeat","background-position":"center center","background-size":"auto","background-attachment":"scroll","background-type":"","background-media":"","overlay-type":"","overlay-color":"","overlay-opacity":"","overlay-gradient":""},"mobile":{"background-color":"","background-image":"","background-repeat":"repeat","background-position":"center center","background-size":"auto","background-attachment":"scroll","background-type":"","background-media":"","overlay-type":"","overlay-color":"","overlay-opacity":"","overlay-gradient":""}},"ast-content-background-meta":{"desktop":{"background-color":"var(--ast-global-color-5)","background-image":"","background-repeat":"repeat","background-position":"center center","background-size":"auto","background-attachment":"scroll","background-type":"","background-media":"","overlay-type":"","overlay-color":"","overlay-opacity":"","overlay-gradient":""},"tablet":{"background-color":"var(--ast-global-color-5)","background-image":"","background-repeat":"repeat","background-position":"center center","background-size":"auto","background-attachment":"scroll","background-type":"","background-media":"","overlay-type":"","overlay-color":"","overlay-opacity":"","overlay-gradient":""},"mobile":{"background-color":"var(--ast-global-color-5)","background-image":"","background-repeat":"repeat","background-position":"center center","background-size":"auto","background-attachment":"scroll","background-type":"","background-media":"","overlay-type":"","overlay-color":"","overlay-opacity":"","overlay-gradient":""}},"footnotes":""},"class_list":["post-16","page","type-page","status-publish","hentry"],"yoast_head":"<!-- This site is optimized with the Yoast SEO plugin v26.9 - https:\/\/yoast.com\/product\/yoast-seo-wordpress\/ -->\n<title>\u00dcber uns \u2013 Professionelle Umzugsunternehmen Leipzig<\/title>\n<meta name=\"description\" content=\"Erfahren Sie mehr \u00fcber Professionelle Umzugsunternehmen Leipzig \u2013 Ihr zuverl\u00e4ssiger Partner f\u00fcr sichere, schnelle &amp; professionelle Umz\u00fcge in Leipzig und Umgebung.\" \/>\n<meta name=\"robots\" content=\"index, follow, max-snippet:-1, max-image-preview:large, max-video-preview:-1\" \/>\n<link rel=\"canonical\" href=\"https:\/\/professionelle-umzugsunternehmen-leipzig.de\/en\/information-about-us\/\" \/>\n<meta property=\"og:locale\" content=\"en_GB\" \/>\n<meta property=\"og:type\" content=\"article\" \/>\n<meta property=\"og:title\" content=\"\u00dcber uns \u2013 Professionelle Umzugsunternehmen Leipzig\" \/>\n<meta property=\"og:description\" content=\"Erfahren Sie mehr \u00fcber Professionelle Umzugsunternehmen Leipzig \u2013 Ihr zuverl\u00e4ssiger Partner f\u00fcr sichere, schnelle &amp; professionelle Umz\u00fcge in Leipzig und Umgebung.\" \/>\n<meta property=\"og:url\" content=\"https:\/\/professionelle-umzugsunternehmen-leipzig.de\/en\/information-about-us\/\" \/>\n<meta property=\"og:site_name\" content=\"Professionelle Umzugsunternehmen Leipzig\" \/>\n<meta property=\"article:modified_time\" content=\"2025-11-16T17:52:44+00:00\" \/>\n<meta property=\"og:image\" content=\"http:\/\/professionelle-umzugsunternehmen-leipzig.de\/wp-content\/uploads\/2025\/10\/ChatGPT-Image-Jul-29-2025-06_16_18-PM-2-683x1024.png\" \/>\n<meta name=\"twitter:card\" content=\"summary_large_image\" \/>\n<meta name=\"twitter:label1\" content=\"Estimated reading time\" \/>\n\t<meta name=\"twitter:data1\" content=\"2 minutes\" \/>\n<script type=\"application\/ld+json\" class=\"yoast-schema-graph\">{\"@context\":\"https:\/\/schema.org\",\"@graph\":[{\"@type\":\"WebPage\",\"@id\":\"https:\/\/professionelle-umzugsunternehmen-leipzig.de\/uber-uns\/\",\"url\":\"https:\/\/professionelle-umzugsunternehmen-leipzig.de\/uber-uns\/\",\"name\":\"\u00dcber uns \u2013 Professionelle Umzugsunternehmen Leipzig\",\"isPartOf\":{\"@id\":\"https:\/\/professionelle-umzugsunternehmen-leipzig.de\/en\/#website\"},\"primaryImageOfPage\":{\"@id\":\"https:\/\/professionelle-umzugsunternehmen-leipzig.de\/uber-uns\/#primaryimage\"},\"image\":{\"@id\":\"https:\/\/professionelle-umzugsunternehmen-leipzig.de\/uber-uns\/#primaryimage\"},\"thumbnailUrl\":\"http:\/\/professionelle-umzugsunternehmen-leipzig.de\/wp-content\/uploads\/2025\/10\/ChatGPT-Image-Jul-29-2025-06_16_18-PM-2-683x1024.png\",\"datePublished\":\"2025-04-24T15:21:43+00:00\",\"dateModified\":\"2025-11-16T17:52:44+00:00\",\"description\":\"Erfahren Sie mehr \u00fcber Professionelle Umzugsunternehmen Leipzig \u2013 Ihr zuverl\u00e4ssiger Partner f\u00fcr sichere, schnelle & professionelle Umz\u00fcge in Leipzig und Umgebung.\",\"breadcrumb\":{\"@id\":\"https:\/\/professionelle-umzugsunternehmen-leipzig.de\/uber-uns\/#breadcrumb\"},\"inLanguage\":\"en-GB\",\"potentialAction\":[{\"@type\":\"ReadAction\",\"target\":[\"https:\/\/professionelle-umzugsunternehmen-leipzig.de\/uber-uns\/\"]}]},{\"@type\":\"ImageObject\",\"inLanguage\":\"en-GB\",\"@id\":\"https:\/\/professionelle-umzugsunternehmen-leipzig.de\/uber-uns\/#primaryimage\",\"url\":\"http:\/\/professionelle-umzugsunternehmen-leipzig.de\/wp-content\/uploads\/2025\/10\/ChatGPT-Image-Jul-29-2025-06_16_18-PM-2-683x1024.png\",\"contentUrl\":\"http:\/\/professionelle-umzugsunternehmen-leipzig.de\/wp-content\/uploads\/2025\/10\/ChatGPT-Image-Jul-29-2025-06_16_18-PM-2-683x1024.png\"},{\"@type\":\"BreadcrumbList\",\"@id\":\"https:\/\/professionelle-umzugsunternehmen-leipzig.de\/uber-uns\/#breadcrumb\",\"itemListElement\":[{\"@type\":\"ListItem\",\"position\":1,\"name\":\"Startseite\",\"item\":\"https:\/\/professionelle-umzugsunternehmen-leipzig.de\/tr\/\"},{\"@type\":\"ListItem\",\"position\":2,\"name\":\"\u00dcber uns\"}]},{\"@type\":\"WebSite\",\"@id\":\"https:\/\/professionelle-umzugsunternehmen-leipzig.de\/en\/#website\",\"url\":\"https:\/\/professionelle-umzugsunternehmen-leipzig.de\/en\/\",\"name\":\"Professionelle Umzugsunternehmen Leipzig\",\"description\":\"Professionelle Umzugsunternehmen Leipzig - Praktik Transport und Umz\u00fcge\",\"publisher\":{\"@id\":\"https:\/\/professionelle-umzugsunternehmen-leipzig.de\/en\/#organization\"},\"alternateName\":\"Professionelle Umzugsunternehmen Leipzig\",\"potentialAction\":[{\"@type\":\"SearchAction\",\"target\":{\"@type\":\"EntryPoint\",\"urlTemplate\":\"https:\/\/professionelle-umzugsunternehmen-leipzig.de\/en\/?s={search_term_string}\"},\"query-input\":{\"@type\":\"PropertyValueSpecification\",\"valueRequired\":true,\"valueName\":\"search_term_string\"}}],\"inLanguage\":\"en-GB\"},{\"@type\":\"Organization\",\"@id\":\"https:\/\/professionelle-umzugsunternehmen-leipzig.de\/en\/#organization\",\"name\":\"Praktik Transport und Umz\u00fcge\",\"url\":\"https:\/\/professionelle-umzugsunternehmen-leipzig.de\/en\/\",\"logo\":{\"@type\":\"ImageObject\",\"inLanguage\":\"en-GB\",\"@id\":\"https:\/\/professionelle-umzugsunternehmen-leipzig.de\/en\/#\/schema\/logo\/image\/\",\"url\":\"https:\/\/professionelle-umzugsunternehmen-leipzig.de\/wp-content\/uploads\/2025\/10\/cropped-111111-1.png\",\"contentUrl\":\"https:\/\/professionelle-umzugsunternehmen-leipzig.de\/wp-content\/uploads\/2025\/10\/cropped-111111-1.png\",\"width\":1535,\"height\":643,\"caption\":\"Praktik Transport und Umz\u00fcge\"},\"image\":{\"@id\":\"https:\/\/professionelle-umzugsunternehmen-leipzig.de\/en\/#\/schema\/logo\/image\/\"}}]}<\/script>\n<!-- \/ Yoast SEO plugin. -->","yoast_head_json":{"title":"About us \u2013 Best moving company in Leipzig","description":"Learn more about Best Moving Company Leipzig \u2013 your reliable partner for safe, fast &amp; professional moves in Leipzig and the surrounding area.","robots":{"index":"index","follow":"follow","max-snippet":"max-snippet:-1","max-image-preview":"max-image-preview:large","max-video-preview":"max-video-preview:-1"},"canonical":"https:\/\/professionelle-umzugsunternehmen-leipzig.de\/en\/information-about-us\/","og_locale":"en_GB","og_type":"article","og_title":"\u00dcber uns \u2013 Professionelle Umzugsunternehmen Leipzig","og_description":"Erfahren Sie mehr \u00fcber Professionelle Umzugsunternehmen Leipzig \u2013 Ihr zuverl\u00e4ssiger Partner f\u00fcr sichere, schnelle & professionelle Umz\u00fcge in Leipzig und Umgebung.","og_url":"https:\/\/professionelle-umzugsunternehmen-leipzig.de\/en\/information-about-us\/","og_site_name":"Professionelle Umzugsunternehmen Leipzig","article_modified_time":"2025-11-16T17:52:44+00:00","og_image":[{"url":"http:\/\/professionelle-umzugsunternehmen-leipzig.de\/wp-content\/uploads\/2025\/10\/ChatGPT-Image-Jul-29-2025-06_16_18-PM-2-683x1024.png","type":"","width":"","height":""}],"twitter_card":"summary_large_image","twitter_misc":{"Estimated reading time":"2 minutes"},"schema":{"@context":"https:\/\/schema.org","@graph":[{"@type":"WebPage","@id":"https:\/\/professionelle-umzugsunternehmen-leipzig.de\/uber-uns\/","url":"https:\/\/professionelle-umzugsunternehmen-leipzig.de\/uber-uns\/","name":"About us \u2013 Best moving company in Leipzig","isPartOf":{"@id":"https:\/\/professionelle-umzugsunternehmen-leipzig.de\/en\/#website"},"primaryImageOfPage":{"@id":"https:\/\/professionelle-umzugsunternehmen-leipzig.de\/uber-uns\/#primaryimage"},"image":{"@id":"https:\/\/professionelle-umzugsunternehmen-leipzig.de\/uber-uns\/#primaryimage"},"thumbnailUrl":"http:\/\/professionelle-umzugsunternehmen-leipzig.de\/wp-content\/uploads\/2025\/10\/ChatGPT-Image-Jul-29-2025-06_16_18-PM-2-683x1024.png","datePublished":"2025-04-24T15:21:43+00:00","dateModified":"2025-11-16T17:52:44+00:00","description":"Learn more about Best Moving Company Leipzig \u2013 your reliable partner for safe, fast &amp; professional moves in Leipzig and the surrounding area.","breadcrumb":{"@id":"https:\/\/professionelle-umzugsunternehmen-leipzig.de\/uber-uns\/#breadcrumb"},"inLanguage":"en-GB","potentialAction":[{"@type":"ReadAction","target":["https:\/\/professionelle-umzugsunternehmen-leipzig.de\/uber-uns\/"]}]},{"@type":"ImageObject","inLanguage":"en-GB","@id":"https:\/\/professionelle-umzugsunternehmen-leipzig.de\/uber-uns\/#primaryimage","url":"http:\/\/professionelle-umzugsunternehmen-leipzig.de\/wp-content\/uploads\/2025\/10\/ChatGPT-Image-Jul-29-2025-06_16_18-PM-2-683x1024.png","contentUrl":"http:\/\/professionelle-umzugsunternehmen-leipzig.de\/wp-content\/uploads\/2025\/10\/ChatGPT-Image-Jul-29-2025-06_16_18-PM-2-683x1024.png"},{"@type":"BreadcrumbList","@id":"https:\/\/professionelle-umzugsunternehmen-leipzig.de\/uber-uns\/#breadcrumb","itemListElement":[{"@type":"ListItem","position":1,"name":"Startseite","item":"https:\/\/professionelle-umzugsunternehmen-leipzig.de\/tr\/"},{"@type":"ListItem","position":2,"name":"\u00dcber uns"}]},{"@type":"WebSite","@id":"https:\/\/professionelle-umzugsunternehmen-leipzig.de\/en\/#website","url":"https:\/\/professionelle-umzugsunternehmen-leipzig.de\/en\/","name":"Best moving company in Leipzig","description":"Best moving company in Leipzig - Praktik Transport and Removals","publisher":{"@id":"https:\/\/professionelle-umzugsunternehmen-leipzig.de\/en\/#organization"},"alternateName":"Professionelle Umzugsunternehmen Leipzig","potentialAction":[{"@type":"SearchAction","target":{"@type":"EntryPoint","urlTemplate":"https:\/\/professionelle-umzugsunternehmen-leipzig.de\/en\/?s={search_term_string}"},"query-input":{"@type":"PropertyValueSpecification","valueRequired":true,"valueName":"search_term_string"}}],"inLanguage":"en-GB"},{"@type":"Organization","@id":"https:\/\/professionelle-umzugsunternehmen-leipzig.de\/en\/#organization","name":"Practical Transport and Removals","url":"https:\/\/professionelle-umzugsunternehmen-leipzig.de\/en\/","logo":{"@type":"ImageObject","inLanguage":"en-GB","@id":"https:\/\/professionelle-umzugsunternehmen-leipzig.de\/en\/#\/schema\/logo\/image\/","url":"https:\/\/professionelle-umzugsunternehmen-leipzig.de\/wp-content\/uploads\/2025\/10\/cropped-111111-1.png","contentUrl":"https:\/\/professionelle-umzugsunternehmen-leipzig.de\/wp-content\/uploads\/2025\/10\/cropped-111111-1.png","width":1535,"height":643,"caption":"Praktik Transport und Umz\u00fcge"},"image":{"@id":"https:\/\/professionelle-umzugsunternehmen-leipzig.de\/en\/#\/schema\/logo\/image\/"}}]}},"_hostinger_reach_plugin_has_subscription_block":false,"_hostinger_reach_plugin_is_elementor":false,"uagb_featured_image_src":{"full":false,"thumbnail":false,"medium":false,"medium_large":false,"large":false,"1536x1536":false,"2048x2048":false,"trp-custom-language-flag":false},"uagb_author_info":{"display_name":"emilkemal4@gmail.com","author_link":"https:\/\/professionelle-umzugsunternehmen-leipzig.de\/en\/author\/emilkemal4gmail-com\/"},"uagb_comment_info":0,"uagb_excerpt":"\u00dcber uns Service vor Ort \u2013 Praktik Transport und Umz\u00fcge Leipzig Seit vielen Jahren steht Praktik Transport und Umz\u00fcge f\u00fcr Qualit\u00e4t und Zuverl\u00e4ssigkeit in der gesamten Region.Ob Privat-, Firmen- oder Spezialumzug \u2013 wir sind \u00fcberall dort, wo Sie uns brauchen, schnell zur Stelle.Unser erfahrenes Team sorgt daf\u00fcr, dass Ihr Umzug professionell, sicher und p\u00fcnktlich ausgef\u00fchrt&hellip;","_links":{"self":[{"href":"https:\/\/professionelle-umzugsunternehmen-leipzig.de\/en\/wp-json\/wp\/v2\/pages\/16","targetHints":{"allow":["GET"]}}],"collection":[{"href":"https:\/\/professionelle-umzugsunternehmen-leipzig.de\/en\/wp-json\/wp\/v2\/pages"}],"about":[{"href":"https:\/\/professionelle-umzugsunternehmen-leipzig.de\/en\/wp-json\/wp\/v2\/types\/page"}],"author":[{"embeddable":true,"href":"https:\/\/professionelle-umzugsunternehmen-leipzig.de\/en\/wp-json\/wp\/v2\/users\/1"}],"replies":[{"embeddable":true,"href":"https:\/\/professionelle-umzugsunternehmen-leipzig.de\/en\/wp-json\/wp\/v2\/comments?post=16"}],"version-history":[{"count":49,"href":"https:\/\/professionelle-umzugsunternehmen-leipzig.de\/en\/wp-json\/wp\/v2\/pages\/16\/revisions"}],"predecessor-version":[{"id":5009,"href":"https:\/\/professionelle-umzugsunternehmen-leipzig.de\/en\/wp-json\/wp\/v2\/pages\/16\/revisions\/5009"}],"wp:attachment":[{"href":"https:\/\/professionelle-umzugsunternehmen-leipzig.de\/en\/wp-json\/wp\/v2\/media?parent=16"}],"curies":[{"name":"wp","href":"https:\/\/api.w.org\/{rel}","templated":true}]}}