{"id":3009,"date":"2025-08-01T17:27:05","date_gmt":"2025-08-01T15:27:05","guid":{"rendered":"https:\/\/professionelle-umzugsunternehmen-leipzig.de\/?page_id=3009"},"modified":"2025-10-23T00:36:16","modified_gmt":"2025-10-22T22:36:16","slug":"agb","status":"publish","type":"page","link":"https:\/\/professionelle-umzugsunternehmen-leipzig.de\/en\/terms-and-conditions\/","title":{"rendered":"Terms and Conditions"},"content":{"rendered":"<h2 class=\"wp-block-heading\">GENERAL TERMS AND CONDITIONS OF BUSINESS<\/h2>\n\n\n\n<p>Praktik Transport und Umz\u00fcge, Stromstr 21 10551 Berlin \u2013 hereinafter referred to as \u201cfurniture mover\u201d.<\/p>\n\n\n\n<p><strong>Appointment of another carrier<\/strong><br>The removal company may engage another freight carrier.<\/p>\n\n\n\n<p><strong>Additional services<\/strong><br>The removal company shall perform its obligations under the sender&#039;s best interests with the usual care of a proper removal company in return for payment of the agreed fee. Additional fees shall be charged for special services and expenses that were not foreseeable at the time of contract conclusion. The same applies if the scope of services is expanded by the sender (customer) after contract conclusion.<\/p>\n\n\n\n<p><strong>Group transport<\/strong><br>The move may also be carried out as a group transport.<\/p>\n\n\n\n<p><strong>Tips<\/strong><br>Tips cannot be offset against the removal company&#039;s invoice.<\/p>\n\n\n\n<p><strong>Reimbursement of moving costs<\/strong><br>The sender (customer) is obligated to ensure that any movable or electronic parts of highly sensitive equipment, such as washing machines, record players, televisions, radios, hi-fi equipment, and computer systems, are properly secured for transport. The removal company is not obligated to verify that the transport insurance is appropriate.<\/p>\n\n\n\n<p><strong>Transport insurance<\/strong><br>The sender (customer) is obligated to ensure that any movable or electronic parts of highly sensitive equipment, such as washing machines, record players, televisions, radios, hi-fi equipment, and computer systems, are properly secured for transport. The removal company is not obligated to verify that the transport insurance is properly insured.<\/p>\n\n\n\n<p><strong>Electrical and installation work<\/strong><br>Unless otherwise agreed, the removal company&#039;s employees are not obliged to carry out electrical, gas, dowel or other installation work.<\/p>\n\n\n\n<p><strong>Craftsmen placement<\/strong><br>In the case of services provided by additional tradesmen, the removal company is only liable for careful selection.<\/p>\n\n\n\n<p><strong>On Bill<\/strong><br>Set-off against claims of the removal company is only permitted with due counterclaims that are legally established or undisputed.<\/p>\n\n\n\n<p><strong>Assignment<\/strong><br>At the request of the authorized person, the removal company is obliged to assign to the authorized person the rights to which it is entitled under the insurance contract it has concluded.<\/p>\n\n\n\n<p><strong>Misunderstandings<\/strong><br>The removal company is not responsible for the risk of misunderstanding of order confirmations, instructions and notifications other than written ones sent by the sender to other persons of the removal company who are not authorized to accept them.<\/p>\n\n\n\n<p><strong>Verification by the sender<\/strong><br>When picking up the removal goods, the sender is obliged to check that no item or furnishing is taken or left behind by mistake.<\/p>\n\n\n\n<p><strong>Due date of the agreed fee<\/strong><br>The invoice amount is due before unloading is completed for domestic transports, and before loading begins for international transports, and is payable in cash or equivalent means of payment. Cash expenses in foreign currency are to be paid according to the exchange rate. If the sender fails to meet their payment obligation, the removal company is entitled to detain the goods or, after the start of transport, to store them at the sender&#039;s expense. Section 419 applies accordingly.<\/p>\n\n\n\n<p><strong>Termination or withdrawal from the contract<\/strong><br>In the event of termination or withdrawal from the contract, the relevant provisions of Sections 415 HGB, 346 ff BGB shall apply.<\/p>\n\n\n\n<p><strong>Storage contract<\/strong><br>In the case of storage, the General Storage Conditions of the German Furniture Transport Association (ALB) apply. These will be made available upon request by the sender.<\/p>\n\n\n\n<p><strong>Place of jurisdiction<\/strong><br>For legal disputes with registered merchants arising from this contract and claims on other legal grounds related to the transport order, the court in whose district the branch of the removal company commissioned by the sender is located shall have exclusive jurisdiction. For legal disputes with other registered merchants, exclusive jurisdiction shall only apply if the sender relocates their place of residence or habitual abode abroad after the conclusion of the contract, or if their place of residence or personal abode is unknown at the time the action is filed.<\/p>\n\n\n\n<p><strong>Agreement German<\/strong><strong>&nbsp;Right<\/strong><br>German law applies.<\/p>","protected":false},"excerpt":{"rendered":"<p>ALLGEMEINE GESCH\u00c4FTSBEDINGUNGEN Praktik Transport und Umz\u00fcge, Stromstr 21 10551 Berlin \u2013 nachfolgend nur,,M\u00f6belspediteur\u201c genannt. Beauftragung eines weiteren Frachtf\u00fchrersDer M\u00f6belspediteur kann einen weiteren Frachtf\u00fchrer heranziehen. ZusatzleistungenDer M\u00f6belspediteur f\u00fchrt unter Weisung des Interesses des Absenders seine Verpflichtungen mit der verkehrs\u00fcblichen Sorgfalt eines ordentlichen M\u00f6belspediteurs gegen Zahlung des vereinbarten Entgelts aus. Zus\u00e4tzlich zu verg\u00fcten sind besondere, bei Vertragsabschluss [&hellip;]<\/p>\n","protected":false},"author":1,"featured_media":0,"parent":0,"menu_order":0,"comment_status":"closed","ping_status":"closed","template":"","meta":{"_uag_custom_page_level_css":"","site-sidebar-layout":"default","site-content-layout":"","ast-site-content-layout":"default","site-content-style":"default","site-sidebar-style":"default","ast-global-header-display":"","ast-banner-title-visibility":"","ast-main-header-display":"","ast-hfb-above-header-display":"","ast-hfb-below-header-display":"","ast-hfb-mobile-header-display":"","site-post-title":"","ast-breadcrumbs-content":"","ast-featured-img":"","footer-sml-layout":"","ast-disable-related-posts":"","theme-transparent-header-meta":"","adv-header-id-meta":"","stick-header-meta":"","header-above-stick-meta":"","header-main-stick-meta":"","header-below-stick-meta":"","astra-migrate-meta-layouts":"set","ast-page-background-enabled":"default","ast-page-background-meta":{"desktop":{"background-color":"var(--ast-global-color-4)","background-image":"","background-repeat":"repeat","background-position":"center center","background-size":"auto","background-attachment":"scroll","background-type":"","background-media":"","overlay-type":"","overlay-color":"","overlay-opacity":"","overlay-gradient":""},"tablet":{"background-color":"","background-image":"","background-repeat":"repeat","background-position":"center center","background-size":"auto","background-attachment":"scroll","background-type":"","background-media":"","overlay-type":"","overlay-color":"","overlay-opacity":"","overlay-gradient":""},"mobile":{"background-color":"","background-image":"","background-repeat":"repeat","background-position":"center center","background-size":"auto","background-attachment":"scroll","background-type":"","background-media":"","overlay-type":"","overlay-color":"","overlay-opacity":"","overlay-gradient":""}},"ast-content-background-meta":{"desktop":{"background-color":"var(--ast-global-color-5)","background-image":"","background-repeat":"repeat","background-position":"center center","background-size":"auto","background-attachment":"scroll","background-type":"","background-media":"","overlay-type":"","overlay-color":"","overlay-opacity":"","overlay-gradient":""},"tablet":{"background-color":"var(--ast-global-color-5)","background-image":"","background-repeat":"repeat","background-position":"center center","background-size":"auto","background-attachment":"scroll","background-type":"","background-media":"","overlay-type":"","overlay-color":"","overlay-opacity":"","overlay-gradient":""},"mobile":{"background-color":"var(--ast-global-color-5)","background-image":"","background-repeat":"repeat","background-position":"center center","background-size":"auto","background-attachment":"scroll","background-type":"","background-media":"","overlay-type":"","overlay-color":"","overlay-opacity":"","overlay-gradient":""}},"footnotes":""},"class_list":["post-3009","page","type-page","status-publish","hentry"],"yoast_head":"<!-- This site is optimized with the Yoast SEO plugin v26.9 - https:\/\/yoast.com\/product\/yoast-seo-wordpress\/ -->\n<title>Agb - Professionelle Umzugsunternehmen Leipzig<\/title>\n<meta name=\"robots\" content=\"index, follow, max-snippet:-1, max-image-preview:large, max-video-preview:-1\" \/>\n<link rel=\"canonical\" href=\"https:\/\/professionelle-umzugsunternehmen-leipzig.de\/en\/terms-and-conditions\/\" \/>\n<meta property=\"og:locale\" content=\"en_GB\" \/>\n<meta property=\"og:type\" content=\"article\" \/>\n<meta property=\"og:title\" content=\"Agb - Professionelle Umzugsunternehmen Leipzig\" \/>\n<meta property=\"og:description\" content=\"ALLGEMEINE GESCH\u00c4FTSBEDINGUNGEN Praktik Transport und Umz\u00fcge, Stromstr 21 10551 Berlin \u2013 nachfolgend nur,,M\u00f6belspediteur\u201c genannt. Beauftragung eines weiteren Frachtf\u00fchrersDer M\u00f6belspediteur kann einen weiteren Frachtf\u00fchrer heranziehen. ZusatzleistungenDer M\u00f6belspediteur f\u00fchrt unter Weisung des Interesses des Absenders seine Verpflichtungen mit der verkehrs\u00fcblichen Sorgfalt eines ordentlichen M\u00f6belspediteurs gegen Zahlung des vereinbarten Entgelts aus. Zus\u00e4tzlich zu verg\u00fcten sind besondere, bei Vertragsabschluss [&hellip;]\" \/>\n<meta property=\"og:url\" content=\"https:\/\/professionelle-umzugsunternehmen-leipzig.de\/en\/terms-and-conditions\/\" \/>\n<meta property=\"og:site_name\" content=\"Professionelle Umzugsunternehmen Leipzig\" \/>\n<meta property=\"article:modified_time\" content=\"2025-10-22T22:36:16+00:00\" \/>\n<meta name=\"twitter:card\" content=\"summary_large_image\" \/>\n<meta name=\"twitter:label1\" content=\"Estimated reading time\" \/>\n\t<meta name=\"twitter:data1\" content=\"3 minutes\" \/>\n<script type=\"application\/ld+json\" class=\"yoast-schema-graph\">{\"@context\":\"https:\/\/schema.org\",\"@graph\":[{\"@type\":\"WebPage\",\"@id\":\"https:\/\/professionelle-umzugsunternehmen-leipzig.de\/agb\/\",\"url\":\"https:\/\/professionelle-umzugsunternehmen-leipzig.de\/agb\/\",\"name\":\"Agb - Professionelle Umzugsunternehmen Leipzig\",\"isPartOf\":{\"@id\":\"https:\/\/professionelle-umzugsunternehmen-leipzig.de\/en\/#website\"},\"datePublished\":\"2025-08-01T15:27:05+00:00\",\"dateModified\":\"2025-10-22T22:36:16+00:00\",\"breadcrumb\":{\"@id\":\"https:\/\/professionelle-umzugsunternehmen-leipzig.de\/agb\/#breadcrumb\"},\"inLanguage\":\"en-GB\",\"potentialAction\":[{\"@type\":\"ReadAction\",\"target\":[\"https:\/\/professionelle-umzugsunternehmen-leipzig.de\/agb\/\"]}]},{\"@type\":\"BreadcrumbList\",\"@id\":\"https:\/\/professionelle-umzugsunternehmen-leipzig.de\/agb\/#breadcrumb\",\"itemListElement\":[{\"@type\":\"ListItem\",\"position\":1,\"name\":\"Startseite\",\"item\":\"https:\/\/professionelle-umzugsunternehmen-leipzig.de\/tr\/\"},{\"@type\":\"ListItem\",\"position\":2,\"name\":\"Agb\"}]},{\"@type\":\"WebSite\",\"@id\":\"https:\/\/professionelle-umzugsunternehmen-leipzig.de\/en\/#website\",\"url\":\"https:\/\/professionelle-umzugsunternehmen-leipzig.de\/en\/\",\"name\":\"Professionelle Umzugsunternehmen Leipzig\",\"description\":\"Professionelle Umzugsunternehmen Leipzig - Praktik Transport und Umz\u00fcge\",\"publisher\":{\"@id\":\"https:\/\/professionelle-umzugsunternehmen-leipzig.de\/en\/#organization\"},\"alternateName\":\"Professionelle Umzugsunternehmen Leipzig\",\"potentialAction\":[{\"@type\":\"SearchAction\",\"target\":{\"@type\":\"EntryPoint\",\"urlTemplate\":\"https:\/\/professionelle-umzugsunternehmen-leipzig.de\/en\/?s={search_term_string}\"},\"query-input\":{\"@type\":\"PropertyValueSpecification\",\"valueRequired\":true,\"valueName\":\"search_term_string\"}}],\"inLanguage\":\"en-GB\"},{\"@type\":\"Organization\",\"@id\":\"https:\/\/professionelle-umzugsunternehmen-leipzig.de\/en\/#organization\",\"name\":\"Praktik Transport und Umz\u00fcge\",\"url\":\"https:\/\/professionelle-umzugsunternehmen-leipzig.de\/en\/\",\"logo\":{\"@type\":\"ImageObject\",\"inLanguage\":\"en-GB\",\"@id\":\"https:\/\/professionelle-umzugsunternehmen-leipzig.de\/en\/#\/schema\/logo\/image\/\",\"url\":\"https:\/\/professionelle-umzugsunternehmen-leipzig.de\/wp-content\/uploads\/2025\/10\/cropped-111111-1.png\",\"contentUrl\":\"https:\/\/professionelle-umzugsunternehmen-leipzig.de\/wp-content\/uploads\/2025\/10\/cropped-111111-1.png\",\"width\":1535,\"height\":643,\"caption\":\"Praktik Transport und Umz\u00fcge\"},\"image\":{\"@id\":\"https:\/\/professionelle-umzugsunternehmen-leipzig.de\/en\/#\/schema\/logo\/image\/\"}}]}<\/script>\n<!-- \/ Yoast SEO plugin. -->","yoast_head_json":{"title":"Terms and Conditions - Best Moving Company Leipzig","robots":{"index":"index","follow":"follow","max-snippet":"max-snippet:-1","max-image-preview":"max-image-preview:large","max-video-preview":"max-video-preview:-1"},"canonical":"https:\/\/professionelle-umzugsunternehmen-leipzig.de\/en\/terms-and-conditions\/","og_locale":"en_GB","og_type":"article","og_title":"Agb - Professionelle Umzugsunternehmen Leipzig","og_description":"ALLGEMEINE GESCH\u00c4FTSBEDINGUNGEN Praktik Transport und Umz\u00fcge, Stromstr 21 10551 Berlin \u2013 nachfolgend nur,,M\u00f6belspediteur\u201c genannt. Beauftragung eines weiteren Frachtf\u00fchrersDer M\u00f6belspediteur kann einen weiteren Frachtf\u00fchrer heranziehen. ZusatzleistungenDer M\u00f6belspediteur f\u00fchrt unter Weisung des Interesses des Absenders seine Verpflichtungen mit der verkehrs\u00fcblichen Sorgfalt eines ordentlichen M\u00f6belspediteurs gegen Zahlung des vereinbarten Entgelts aus. Zus\u00e4tzlich zu verg\u00fcten sind besondere, bei Vertragsabschluss [&hellip;]","og_url":"https:\/\/professionelle-umzugsunternehmen-leipzig.de\/en\/terms-and-conditions\/","og_site_name":"Professionelle Umzugsunternehmen Leipzig","article_modified_time":"2025-10-22T22:36:16+00:00","twitter_card":"summary_large_image","twitter_misc":{"Estimated reading time":"3 minutes"},"schema":{"@context":"https:\/\/schema.org","@graph":[{"@type":"WebPage","@id":"https:\/\/professionelle-umzugsunternehmen-leipzig.de\/agb\/","url":"https:\/\/professionelle-umzugsunternehmen-leipzig.de\/agb\/","name":"Terms and Conditions - Best Moving Company Leipzig","isPartOf":{"@id":"https:\/\/professionelle-umzugsunternehmen-leipzig.de\/en\/#website"},"datePublished":"2025-08-01T15:27:05+00:00","dateModified":"2025-10-22T22:36:16+00:00","breadcrumb":{"@id":"https:\/\/professionelle-umzugsunternehmen-leipzig.de\/agb\/#breadcrumb"},"inLanguage":"en-GB","potentialAction":[{"@type":"ReadAction","target":["https:\/\/professionelle-umzugsunternehmen-leipzig.de\/agb\/"]}]},{"@type":"BreadcrumbList","@id":"https:\/\/professionelle-umzugsunternehmen-leipzig.de\/agb\/#breadcrumb","itemListElement":[{"@type":"ListItem","position":1,"name":"Startseite","item":"https:\/\/professionelle-umzugsunternehmen-leipzig.de\/tr\/"},{"@type":"ListItem","position":2,"name":"Agb"}]},{"@type":"WebSite","@id":"https:\/\/professionelle-umzugsunternehmen-leipzig.de\/en\/#website","url":"https:\/\/professionelle-umzugsunternehmen-leipzig.de\/en\/","name":"Best moving company in Leipzig","description":"Best moving company in Leipzig - Praktik Transport and Removals","publisher":{"@id":"https:\/\/professionelle-umzugsunternehmen-leipzig.de\/en\/#organization"},"alternateName":"Professionelle Umzugsunternehmen Leipzig","potentialAction":[{"@type":"SearchAction","target":{"@type":"EntryPoint","urlTemplate":"https:\/\/professionelle-umzugsunternehmen-leipzig.de\/en\/?s={search_term_string}"},"query-input":{"@type":"PropertyValueSpecification","valueRequired":true,"valueName":"search_term_string"}}],"inLanguage":"en-GB"},{"@type":"Organization","@id":"https:\/\/professionelle-umzugsunternehmen-leipzig.de\/en\/#organization","name":"Practical Transport and Removals","url":"https:\/\/professionelle-umzugsunternehmen-leipzig.de\/en\/","logo":{"@type":"ImageObject","inLanguage":"en-GB","@id":"https:\/\/professionelle-umzugsunternehmen-leipzig.de\/en\/#\/schema\/logo\/image\/","url":"https:\/\/professionelle-umzugsunternehmen-leipzig.de\/wp-content\/uploads\/2025\/10\/cropped-111111-1.png","contentUrl":"https:\/\/professionelle-umzugsunternehmen-leipzig.de\/wp-content\/uploads\/2025\/10\/cropped-111111-1.png","width":1535,"height":643,"caption":"Praktik Transport und Umz\u00fcge"},"image":{"@id":"https:\/\/professionelle-umzugsunternehmen-leipzig.de\/en\/#\/schema\/logo\/image\/"}}]}},"_hostinger_reach_plugin_has_subscription_block":false,"_hostinger_reach_plugin_is_elementor":false,"uagb_featured_image_src":{"full":false,"thumbnail":false,"medium":false,"medium_large":false,"large":false,"1536x1536":false,"2048x2048":false,"trp-custom-language-flag":false},"uagb_author_info":{"display_name":"emilkemal4@gmail.com","author_link":"https:\/\/professionelle-umzugsunternehmen-leipzig.de\/en\/author\/emilkemal4gmail-com\/"},"uagb_comment_info":0,"uagb_excerpt":"ALLGEMEINE GESCH\u00c4FTSBEDINGUNGEN Praktik Transport und Umz\u00fcge, Stromstr 21 10551 Berlin \u2013 nachfolgend nur,,M\u00f6belspediteur\u201c genannt. Beauftragung eines weiteren Frachtf\u00fchrersDer M\u00f6belspediteur kann einen weiteren Frachtf\u00fchrer heranziehen. ZusatzleistungenDer M\u00f6belspediteur f\u00fchrt unter Weisung des Interesses des Absenders seine Verpflichtungen mit der verkehrs\u00fcblichen Sorgfalt eines ordentlichen M\u00f6belspediteurs gegen Zahlung des vereinbarten Entgelts aus. Zus\u00e4tzlich zu verg\u00fcten sind besondere, bei Vertragsabschluss&hellip;","_links":{"self":[{"href":"https:\/\/professionelle-umzugsunternehmen-leipzig.de\/en\/wp-json\/wp\/v2\/pages\/3009","targetHints":{"allow":["GET"]}}],"collection":[{"href":"https:\/\/professionelle-umzugsunternehmen-leipzig.de\/en\/wp-json\/wp\/v2\/pages"}],"about":[{"href":"https:\/\/professionelle-umzugsunternehmen-leipzig.de\/en\/wp-json\/wp\/v2\/types\/page"}],"author":[{"embeddable":true,"href":"https:\/\/professionelle-umzugsunternehmen-leipzig.de\/en\/wp-json\/wp\/v2\/users\/1"}],"replies":[{"embeddable":true,"href":"https:\/\/professionelle-umzugsunternehmen-leipzig.de\/en\/wp-json\/wp\/v2\/comments?post=3009"}],"version-history":[{"count":3,"href":"https:\/\/professionelle-umzugsunternehmen-leipzig.de\/en\/wp-json\/wp\/v2\/pages\/3009\/revisions"}],"predecessor-version":[{"id":3890,"href":"https:\/\/professionelle-umzugsunternehmen-leipzig.de\/en\/wp-json\/wp\/v2\/pages\/3009\/revisions\/3890"}],"wp:attachment":[{"href":"https:\/\/professionelle-umzugsunternehmen-leipzig.de\/en\/wp-json\/wp\/v2\/media?parent=3009"}],"curies":[{"name":"wp","href":"https:\/\/api.w.org\/{rel}","templated":true}]}}