{"id":16,"date":"2025-04-24T15:21:43","date_gmt":"2025-04-24T15:21:43","guid":{"rendered":"https:\/\/professionelle-umzugsunternehmen-leipzig.de\/about-us\/"},"modified":"2025-11-16T19:52:44","modified_gmt":"2025-11-16T17:52:44","slug":"uber-uns","status":"publish","type":"page","link":"https:\/\/professionelle-umzugsunternehmen-leipzig.de\/tr\/hakkimizda-bilgi\/","title":{"rendered":"Hakk\u0131m\u0131zda"},"content":{"rendered":"<div class=\"wp-block-uagb-container uagb-block-4c3875af alignfull uagb-is-root-container\"><div class=\"uagb-container-inner-blocks-wrap\">\n<div class=\"wp-block-uagb-advanced-heading uagb-block-36237826\"><h1 class=\"uagb-heading-text\">Hakk\u0131m\u0131zda<\/h1><\/div>\n<\/div><\/div>\n\n\n\n<div class=\"wp-block-uagb-container uagb-block-5cf03063 alignfull uagb-is-root-container\"><div class=\"uagb-container-inner-blocks-wrap\">\n<div class=\"wp-block-uagb-image alignleft uagb-block-6d75d68d wp-block-uagb-image--layout-default wp-block-uagb-image--effect-static wp-block-uagb-image--align-left\"><figure class=\"wp-block-uagb-image__figure\"><img decoding=\"async\" srcset=\"https:\/\/professionelle-umzugsunternehmen-leipzig.de\/wp-content\/uploads\/2025\/10\/ChatGPT-Image-Jul-29-2025-06_16_18-PM-2-683x1024.png ,https:\/\/professionelle-umzugsunternehmen-leipzig.de\/wp-content\/uploads\/2025\/10\/ChatGPT-Image-Jul-29-2025-06_16_18-PM-2.png 780w, https:\/\/professionelle-umzugsunternehmen-leipzig.de\/wp-content\/uploads\/2025\/10\/ChatGPT-Image-Jul-29-2025-06_16_18-PM-2.png 360w\" sizes=\"auto, (max-width: 480px) 150px\" src=\"https:\/\/professionelle-umzugsunternehmen-leipzig.de\/wp-content\/uploads\/2025\/10\/ChatGPT-Image-Jul-29-2025-06_16_18-PM-2-683x1024.png\" alt=\"\" class=\"uag-image-3798\" width=\"575\" height=\"747\" title=\"ChatGPT-G\u00f6r\u00fcnt\u00fc-29-Tem-2025-06_16_18-\u00d6S (2)\" loading=\"lazy\" role=\"img\"\/><\/figure><\/div>\n\n\n\n<div class=\"wp-block-uagb-container uagb-block-05150e62\">\n<div class=\"wp-block-uagb-advanced-heading uagb-block-a2b3848d\"><h2 class=\"uagb-heading-text\"><strong>Yerinde hizmet \u2013 Praktik Ta\u015f\u0131mac\u0131l\u0131k ve Ta\u015f\u0131mac\u0131l\u0131k Leipzig<\/strong><\/h2><p class=\"uagb-desc-text\">Uzun y\u0131llar boyunca <strong>Pratik Ta\u015f\u0131mac\u0131l\u0131k ve Nakliye<\/strong> B\u00f6lge genelinde kalite ve g\u00fcvenilirlik i\u00e7in.<br>\u0130ster \u00f6zel, ister kurumsal, ister ayr\u0131cal\u0131kl\u0131 bir ta\u015f\u0131nma olsun, ihtiyac\u0131n\u0131z olan her yerdeyiz., <strong>h\u0131zla olay yerine<\/strong>.<br>Deneyimli ekibimiz ta\u015f\u0131nman\u0131z\u0131n sorunsuz bir \u015fekilde ger\u00e7ekle\u015fmesini sa\u011flayacakt\u0131r. <strong>profesyonel, g\u00fcvenli ve dakik<\/strong> ger\u00e7ekle\u015ftirilir \u2013 i\u00e7inde <strong>Leipzig<\/strong> ve \u00fclke \u00e7ap\u0131nda.<\/p><\/div>\n<\/div>\n<\/div><\/div>\n\n\n\n<div class=\"wp-block-uagb-container uagb-block-qd2taihi alignfull uagb-is-root-container\"><div class=\"uagb-container-inner-blocks-wrap\">\n<div class=\"wp-block-uagb-info-box uagb-block-iz8lz3nx uagb-infobox__content-wrap  uagb-infobox-icon-above-title uagb-infobox-image-valign-top\"><div class=\"uagb-ifb-content\"><div class=\"uagb-ifb-title-wrap\"><h2 class=\"uagb-ifb-title\">Felsefemiz<\/h2><\/div><p class=\"uagb-ifb-desc\">Praktik Transport und Umz\u00fcge&#039;de, <strong>Merkezdeki insanlar<\/strong>.<br><strong>G\u00fcvenilirlik, g\u00fcven ve titizlik<\/strong> Kabul etti\u011fimiz her sipari\u015fin temelini olu\u015fturur.<\/p><\/div><\/div>\n\n\n\n<div class=\"wp-block-uagb-info-box uagb-block-8ca01fe0 uagb-infobox__content-wrap  uagb-infobox-icon-above-title uagb-infobox-image-valign-top\"><div class=\"uagb-ifb-content\"><div class=\"uagb-ifb-title-wrap\"><h2 class=\"uagb-ifb-title\">Yerel olarak<\/h2><\/div><p class=\"uagb-ifb-desc\">Biz her g\u00fcn <strong>Leipzig ve \u00e7evresi<\/strong> kullan\u0131mda \u2013<br><strong>esnek, h\u0131zl\u0131 ve her zaman ki\u015fisel hizmet<\/strong> M\u00fc\u015fterilerimiz i\u00e7in.<\/p><\/div><\/div>\n\n\n\n<div class=\"wp-block-uagb-info-box uagb-block-8d8e42ae uagb-infobox__content-wrap  uagb-infobox-icon-above-title uagb-infobox-image-valign-top\"><div class=\"uagb-ifb-content\"><div class=\"uagb-ifb-title-wrap\"><h2 class=\"uagb-ifb-title\">Bizi farkl\u0131 k\u0131lan nedir?<\/h2><\/div><p class=\"uagb-ifb-desc\">Gibi <strong>Leipzig&#039;taki en iyi nakliye \u015firketi<\/strong> Ba\u011flan\u0131yoruz <strong>Deneyim, kalite ve uygun fiyatlar<\/strong> her performans\u0131nda.<br>M\u00fc\u015fterilerimiz bir <strong>hassas \u00e7al\u0131\u015fma y\u00f6ntemleri<\/strong>, modern ekipman ve <strong>\u00f6zel ekip<\/strong>, Her hamlesini dikkatlice planlayan ve uygulayan.<\/p><\/div><\/div>\n\n\n\n<div class=\"wp-block-uagb-info-box uagb-block-7471a508 uagb-infobox__content-wrap  uagb-infobox-icon-above-title uagb-infobox-image-valign-top\"><div class=\"uagb-ifb-content\"><div class=\"uagb-ifb-title-wrap\"><h2 class=\"uagb-ifb-title\">B\u00f6lgesel olarak k\u00f6kl\u00fc \u2013 Avrupa genelinde aktif<\/h2><\/div><p class=\"uagb-ifb-desc\">Praktik Transport und Umz\u00fcge ile hem b\u00f6lgesel hem de Almanya ve Avrupa genelinde faaliyet g\u00f6steren deneyimli bir \u015firketi se\u00e7mi\u015f oluyorsunuz.<br>B\u00f6lgesel, ulusal veya uluslararas\u0131 olsun - sunuyoruz <strong>esnek ula\u015f\u0131m ve yer de\u011fi\u015ftirme \u00e7\u00f6z\u00fcmleri<\/strong>, Her zaman g\u00fcvenebilece\u011finiz.<br>G\u00fcvene g\u00fcven <strong>Leipzig&#039;taki en iyi nakliye \u015firketi<\/strong> \u2013<br><strong>Kalite, g\u00fcvenlik ve menzil<\/strong> her hareket i\u00e7in.<\/p><\/div><\/div>\n\n\n\n<div class=\"wp-block-uagb-container uagb-block-ndowxzi7\"><\/div>\n<\/div><\/div>\n\n\n\n<div class=\"wp-block-uagb-container uagb-block-9caa1a47 alignfull uagb-is-root-container\"><div class=\"uagb-container-inner-blocks-wrap\">\n<div class=\"wp-block-uagb-advanced-heading uagb-block-3a57683f\"><h2 class=\"uagb-heading-text\">\ud83d\udcde \u015eimdi ek kargo talep edin ve tasarruf edin<\/h2><\/div>\n\n\n\n<div class=\"wp-block-uagb-buttons uagb-buttons__outer-wrap uagb-btn__default-btn uagb-btn-tablet__default-btn uagb-btn-mobile__default-btn uagb-block-9979be0d\"><div class=\"uagb-buttons__wrap uagb-buttons-layout-wrap\">\n<div class=\"wp-block-uagb-buttons-child uagb-buttons__outer-wrap uagb-block-84fd34e5 wp-block-button\"><div class=\"uagb-button__wrapper\"><a class=\"uagb-buttons-repeater wp-block-button__link\" aria-label=\"\" href=\"https:\/\/professionelle-umzugsunternehmen-leipzig.de\/tr\/teklif-isteyin\/\" rel=\"follow noopener\" target=\"_self\" role=\"button\"><div class=\"uagb-button__link\">Teklif isteyin<\/div><\/a><\/div><\/div>\n<\/div><\/div>\n\n\n\n<div class=\"wp-block-uagb-buttons uagb-buttons__outer-wrap uagb-btn__default-btn uagb-btn-tablet__default-btn uagb-btn-mobile__default-btn uagb-block-f7add131\"><div class=\"uagb-buttons__wrap uagb-buttons-layout-wrap\">\n<div class=\"wp-block-uagb-buttons-child uagb-buttons__outer-wrap uagb-block-0c11dd62 wp-block-button\"><div class=\"uagb-button__wrapper\"><a class=\"uagb-buttons-repeater wp-block-button__link\" aria-label=\"\" href=\"https:\/\/professionelle-umzugsunternehmen-leipzig.de\/tr\/hizli-sorgulama\/\" rel=\"follow noopener\" target=\"_self\" role=\"button\"><div class=\"uagb-button__link\">H\u0131zl\u0131 istek<\/div><\/a><\/div><\/div>\n<\/div><\/div>\n\n\n\n<div class=\"wp-block-uagb-buttons uagb-buttons__outer-wrap uagb-btn__default-btn uagb-btn-tablet__default-btn uagb-btn-mobile__default-btn uagb-block-fc4cb596\"><div class=\"uagb-buttons__wrap uagb-buttons-layout-wrap\">\n<div class=\"wp-block-uagb-buttons-child uagb-buttons__outer-wrap uagb-block-6d810b26 wp-block-button\"><div class=\"uagb-button__wrapper\"><a class=\"uagb-buttons-repeater wp-block-button__link\" aria-label=\"\" href=\"https:\/\/professionelle-umzugsunternehmen-leipzig.de\/tr\/iletisime-gecin\/\" rel=\"follow noopener\" target=\"_self\" role=\"button\"><div class=\"uagb-button__link\">Bize Ula\u015f\u0131n<\/div><\/a><\/div><\/div>\n<\/div><\/div>\n\n\n\n<div class=\"wp-block-uagb-buttons uagb-buttons__outer-wrap uagb-btn__default-btn uagb-btn-tablet__default-btn uagb-btn-mobile__default-btn uagb-block-69da2b3b\"><div class=\"uagb-buttons__wrap uagb-buttons-layout-wrap\">\n<div class=\"wp-block-uagb-buttons-child uagb-buttons__outer-wrap uagb-block-1018754e wp-block-button\"><div class=\"uagb-button__wrapper\"><a class=\"uagb-buttons-repeater wp-block-button__link\" aria-label=\"\" href=\"https:\/\/professionelle-umzugsunternehmen-leipzig.de\/tr\/hakkimizda-bilgi\/\" rel=\"follow noopener\" target=\"_self\" role=\"button\"><div class=\"uagb-button__link\">Hakk\u0131m\u0131zda<\/div><\/a><\/div><\/div>\n<\/div><\/div>\n\n\n\n<div class=\"wp-block-uagb-advanced-heading uagb-block-838a0a13\"><div class=\"uagb-separator\"><\/div><h3 class=\"uagb-heading-text\">\u00dccretsiz dan\u0131\u015fmanl\u0131k? +49 1625978461<\/h3><\/div>\n<\/div><\/div>","protected":false},"excerpt":{"rendered":"<p>\u00dcber uns Service vor Ort \u2013 Praktik Transport und Umz\u00fcge Leipzig Seit vielen Jahren steht Praktik Transport und Umz\u00fcge f\u00fcr Qualit\u00e4t und Zuverl\u00e4ssigkeit in der gesamten Region.Ob Privat-, Firmen- oder Spezialumzug \u2013 wir sind \u00fcberall dort, wo Sie uns brauchen, schnell zur Stelle.Unser erfahrenes Team sorgt daf\u00fcr, dass Ihr Umzug professionell, sicher und p\u00fcnktlich ausgef\u00fchrt [&hellip;]<\/p>\n","protected":false},"author":1,"featured_media":0,"parent":0,"menu_order":0,"comment_status":"closed","ping_status":"closed","template":"","meta":{"_uag_custom_page_level_css":"","site-sidebar-layout":"no-sidebar","site-content-layout":"plain-container","ast-site-content-layout":"full-width-container","site-content-style":"unboxed","site-sidebar-style":"unboxed","ast-global-header-display":"","ast-banner-title-visibility":"","ast-main-header-display":"","ast-hfb-above-header-display":"","ast-hfb-below-header-display":"","ast-hfb-mobile-header-display":"","site-post-title":"disabled","ast-breadcrumbs-content":"","ast-featured-img":"","footer-sml-layout":"","ast-disable-related-posts":"","theme-transparent-header-meta":"","adv-header-id-meta":"","stick-header-meta":"","header-above-stick-meta":"","header-main-stick-meta":"","header-below-stick-meta":"","astra-migrate-meta-layouts":"set","ast-page-background-enabled":"default","ast-page-background-meta":{"desktop":{"background-color":"var(--ast-global-color-4)","background-image":"","background-repeat":"repeat","background-position":"center center","background-size":"auto","background-attachment":"scroll","background-type":"","background-media":"","overlay-type":"","overlay-color":"","overlay-opacity":"","overlay-gradient":""},"tablet":{"background-color":"","background-image":"","background-repeat":"repeat","background-position":"center center","background-size":"auto","background-attachment":"scroll","background-type":"","background-media":"","overlay-type":"","overlay-color":"","overlay-opacity":"","overlay-gradient":""},"mobile":{"background-color":"","background-image":"","background-repeat":"repeat","background-position":"center center","background-size":"auto","background-attachment":"scroll","background-type":"","background-media":"","overlay-type":"","overlay-color":"","overlay-opacity":"","overlay-gradient":""}},"ast-content-background-meta":{"desktop":{"background-color":"var(--ast-global-color-5)","background-image":"","background-repeat":"repeat","background-position":"center center","background-size":"auto","background-attachment":"scroll","background-type":"","background-media":"","overlay-type":"","overlay-color":"","overlay-opacity":"","overlay-gradient":""},"tablet":{"background-color":"var(--ast-global-color-5)","background-image":"","background-repeat":"repeat","background-position":"center center","background-size":"auto","background-attachment":"scroll","background-type":"","background-media":"","overlay-type":"","overlay-color":"","overlay-opacity":"","overlay-gradient":""},"mobile":{"background-color":"var(--ast-global-color-5)","background-image":"","background-repeat":"repeat","background-position":"center center","background-size":"auto","background-attachment":"scroll","background-type":"","background-media":"","overlay-type":"","overlay-color":"","overlay-opacity":"","overlay-gradient":""}},"footnotes":""},"class_list":["post-16","page","type-page","status-publish","hentry"],"yoast_head":"<!-- This site is optimized with the Yoast SEO plugin v26.9 - https:\/\/yoast.com\/product\/yoast-seo-wordpress\/ -->\n<title>\u00dcber uns \u2013 Professionelle Umzugsunternehmen Leipzig<\/title>\n<meta name=\"description\" content=\"Erfahren Sie mehr \u00fcber Professionelle Umzugsunternehmen Leipzig \u2013 Ihr zuverl\u00e4ssiger Partner f\u00fcr sichere, schnelle &amp; professionelle Umz\u00fcge in Leipzig und Umgebung.\" \/>\n<meta name=\"robots\" content=\"index, follow, max-snippet:-1, max-image-preview:large, max-video-preview:-1\" \/>\n<link rel=\"canonical\" href=\"https:\/\/professionelle-umzugsunternehmen-leipzig.de\/tr\/hakkimizda-bilgi\/\" \/>\n<meta property=\"og:locale\" content=\"tr_TR\" \/>\n<meta property=\"og:type\" content=\"article\" \/>\n<meta property=\"og:title\" content=\"\u00dcber uns \u2013 Professionelle Umzugsunternehmen Leipzig\" \/>\n<meta property=\"og:description\" content=\"Erfahren Sie mehr \u00fcber Professionelle Umzugsunternehmen Leipzig \u2013 Ihr zuverl\u00e4ssiger Partner f\u00fcr sichere, schnelle &amp; professionelle Umz\u00fcge in Leipzig und Umgebung.\" \/>\n<meta property=\"og:url\" content=\"https:\/\/professionelle-umzugsunternehmen-leipzig.de\/tr\/hakkimizda-bilgi\/\" \/>\n<meta property=\"og:site_name\" content=\"Professionelle Umzugsunternehmen Leipzig\" \/>\n<meta property=\"article:modified_time\" content=\"2025-11-16T17:52:44+00:00\" \/>\n<meta property=\"og:image\" content=\"http:\/\/professionelle-umzugsunternehmen-leipzig.de\/wp-content\/uploads\/2025\/10\/ChatGPT-Image-Jul-29-2025-06_16_18-PM-2-683x1024.png\" \/>\n<meta name=\"twitter:card\" content=\"summary_large_image\" \/>\n<meta name=\"twitter:label1\" content=\"Tahmini okuma s\u00fcresi\" \/>\n\t<meta name=\"twitter:data1\" content=\"2 dakika\" \/>\n<script type=\"application\/ld+json\" class=\"yoast-schema-graph\">{\"@context\":\"https:\/\/schema.org\",\"@graph\":[{\"@type\":\"WebPage\",\"@id\":\"https:\/\/professionelle-umzugsunternehmen-leipzig.de\/uber-uns\/\",\"url\":\"https:\/\/professionelle-umzugsunternehmen-leipzig.de\/uber-uns\/\",\"name\":\"\u00dcber uns \u2013 Professionelle Umzugsunternehmen Leipzig\",\"isPartOf\":{\"@id\":\"https:\/\/professionelle-umzugsunternehmen-leipzig.de\/en\/#website\"},\"primaryImageOfPage\":{\"@id\":\"https:\/\/professionelle-umzugsunternehmen-leipzig.de\/uber-uns\/#primaryimage\"},\"image\":{\"@id\":\"https:\/\/professionelle-umzugsunternehmen-leipzig.de\/uber-uns\/#primaryimage\"},\"thumbnailUrl\":\"http:\/\/professionelle-umzugsunternehmen-leipzig.de\/wp-content\/uploads\/2025\/10\/ChatGPT-Image-Jul-29-2025-06_16_18-PM-2-683x1024.png\",\"datePublished\":\"2025-04-24T15:21:43+00:00\",\"dateModified\":\"2025-11-16T17:52:44+00:00\",\"description\":\"Erfahren Sie mehr \u00fcber Professionelle Umzugsunternehmen Leipzig \u2013 Ihr zuverl\u00e4ssiger Partner f\u00fcr sichere, schnelle & professionelle Umz\u00fcge in Leipzig und Umgebung.\",\"breadcrumb\":{\"@id\":\"https:\/\/professionelle-umzugsunternehmen-leipzig.de\/uber-uns\/#breadcrumb\"},\"inLanguage\":\"tr\",\"potentialAction\":[{\"@type\":\"ReadAction\",\"target\":[\"https:\/\/professionelle-umzugsunternehmen-leipzig.de\/uber-uns\/\"]}]},{\"@type\":\"ImageObject\",\"inLanguage\":\"tr\",\"@id\":\"https:\/\/professionelle-umzugsunternehmen-leipzig.de\/uber-uns\/#primaryimage\",\"url\":\"http:\/\/professionelle-umzugsunternehmen-leipzig.de\/wp-content\/uploads\/2025\/10\/ChatGPT-Image-Jul-29-2025-06_16_18-PM-2-683x1024.png\",\"contentUrl\":\"http:\/\/professionelle-umzugsunternehmen-leipzig.de\/wp-content\/uploads\/2025\/10\/ChatGPT-Image-Jul-29-2025-06_16_18-PM-2-683x1024.png\"},{\"@type\":\"BreadcrumbList\",\"@id\":\"https:\/\/professionelle-umzugsunternehmen-leipzig.de\/uber-uns\/#breadcrumb\",\"itemListElement\":[{\"@type\":\"ListItem\",\"position\":1,\"name\":\"Startseite\",\"item\":\"https:\/\/professionelle-umzugsunternehmen-leipzig.de\/tr\/\"},{\"@type\":\"ListItem\",\"position\":2,\"name\":\"\u00dcber uns\"}]},{\"@type\":\"WebSite\",\"@id\":\"https:\/\/professionelle-umzugsunternehmen-leipzig.de\/en\/#website\",\"url\":\"https:\/\/professionelle-umzugsunternehmen-leipzig.de\/en\/\",\"name\":\"Professionelle Umzugsunternehmen Leipzig\",\"description\":\"Professionelle Umzugsunternehmen Leipzig - Praktik Transport und Umz\u00fcge\",\"publisher\":{\"@id\":\"https:\/\/professionelle-umzugsunternehmen-leipzig.de\/en\/#organization\"},\"alternateName\":\"Professionelle Umzugsunternehmen Leipzig\",\"potentialAction\":[{\"@type\":\"SearchAction\",\"target\":{\"@type\":\"EntryPoint\",\"urlTemplate\":\"https:\/\/professionelle-umzugsunternehmen-leipzig.de\/en\/?s={search_term_string}\"},\"query-input\":{\"@type\":\"PropertyValueSpecification\",\"valueRequired\":true,\"valueName\":\"search_term_string\"}}],\"inLanguage\":\"tr\"},{\"@type\":\"Organization\",\"@id\":\"https:\/\/professionelle-umzugsunternehmen-leipzig.de\/en\/#organization\",\"name\":\"Praktik Transport und Umz\u00fcge\",\"url\":\"https:\/\/professionelle-umzugsunternehmen-leipzig.de\/en\/\",\"logo\":{\"@type\":\"ImageObject\",\"inLanguage\":\"tr\",\"@id\":\"https:\/\/professionelle-umzugsunternehmen-leipzig.de\/en\/#\/schema\/logo\/image\/\",\"url\":\"https:\/\/professionelle-umzugsunternehmen-leipzig.de\/wp-content\/uploads\/2025\/10\/cropped-111111-1.png\",\"contentUrl\":\"https:\/\/professionelle-umzugsunternehmen-leipzig.de\/wp-content\/uploads\/2025\/10\/cropped-111111-1.png\",\"width\":1535,\"height\":643,\"caption\":\"Praktik Transport und Umz\u00fcge\"},\"image\":{\"@id\":\"https:\/\/professionelle-umzugsunternehmen-leipzig.de\/en\/#\/schema\/logo\/image\/\"}}]}<\/script>\n<!-- \/ Yoast SEO plugin. -->","yoast_head_json":{"title":"Hakk\u0131m\u0131zda \u2013 Leipzig&#039;deki en iyi nakliye \u015firketi","description":"Leipzig ve \u00e7evresinde g\u00fcvenli, h\u0131zl\u0131 ve profesyonel ta\u015f\u0131mac\u0131l\u0131k i\u00e7in g\u00fcvenilir orta\u011f\u0131n\u0131z olan Best Moving Company Leipzig hakk\u0131nda daha fazla bilgi edinin.","robots":{"index":"index","follow":"follow","max-snippet":"max-snippet:-1","max-image-preview":"max-image-preview:large","max-video-preview":"max-video-preview:-1"},"canonical":"https:\/\/professionelle-umzugsunternehmen-leipzig.de\/tr\/hakkimizda-bilgi\/","og_locale":"tr_TR","og_type":"article","og_title":"\u00dcber uns \u2013 Professionelle Umzugsunternehmen Leipzig","og_description":"Erfahren Sie mehr \u00fcber Professionelle Umzugsunternehmen Leipzig \u2013 Ihr zuverl\u00e4ssiger Partner f\u00fcr sichere, schnelle & professionelle Umz\u00fcge in Leipzig und Umgebung.","og_url":"https:\/\/professionelle-umzugsunternehmen-leipzig.de\/tr\/hakkimizda-bilgi\/","og_site_name":"Professionelle Umzugsunternehmen Leipzig","article_modified_time":"2025-11-16T17:52:44+00:00","og_image":[{"url":"http:\/\/professionelle-umzugsunternehmen-leipzig.de\/wp-content\/uploads\/2025\/10\/ChatGPT-Image-Jul-29-2025-06_16_18-PM-2-683x1024.png","type":"","width":"","height":""}],"twitter_card":"summary_large_image","twitter_misc":{"Tahmini okuma s\u00fcresi":"2 dakika"},"schema":{"@context":"https:\/\/schema.org","@graph":[{"@type":"WebPage","@id":"https:\/\/professionelle-umzugsunternehmen-leipzig.de\/uber-uns\/","url":"https:\/\/professionelle-umzugsunternehmen-leipzig.de\/uber-uns\/","name":"Hakk\u0131m\u0131zda \u2013 Leipzig&#039;deki en iyi nakliye \u015firketi","isPartOf":{"@id":"https:\/\/professionelle-umzugsunternehmen-leipzig.de\/en\/#website"},"primaryImageOfPage":{"@id":"https:\/\/professionelle-umzugsunternehmen-leipzig.de\/uber-uns\/#primaryimage"},"image":{"@id":"https:\/\/professionelle-umzugsunternehmen-leipzig.de\/uber-uns\/#primaryimage"},"thumbnailUrl":"http:\/\/professionelle-umzugsunternehmen-leipzig.de\/wp-content\/uploads\/2025\/10\/ChatGPT-Image-Jul-29-2025-06_16_18-PM-2-683x1024.png","datePublished":"2025-04-24T15:21:43+00:00","dateModified":"2025-11-16T17:52:44+00:00","description":"Leipzig ve \u00e7evresinde g\u00fcvenli, h\u0131zl\u0131 ve profesyonel ta\u015f\u0131mac\u0131l\u0131k i\u00e7in g\u00fcvenilir orta\u011f\u0131n\u0131z olan Best Moving Company Leipzig hakk\u0131nda daha fazla bilgi edinin.","breadcrumb":{"@id":"https:\/\/professionelle-umzugsunternehmen-leipzig.de\/uber-uns\/#breadcrumb"},"inLanguage":"tr","potentialAction":[{"@type":"ReadAction","target":["https:\/\/professionelle-umzugsunternehmen-leipzig.de\/uber-uns\/"]}]},{"@type":"ImageObject","inLanguage":"tr","@id":"https:\/\/professionelle-umzugsunternehmen-leipzig.de\/uber-uns\/#primaryimage","url":"http:\/\/professionelle-umzugsunternehmen-leipzig.de\/wp-content\/uploads\/2025\/10\/ChatGPT-Image-Jul-29-2025-06_16_18-PM-2-683x1024.png","contentUrl":"http:\/\/professionelle-umzugsunternehmen-leipzig.de\/wp-content\/uploads\/2025\/10\/ChatGPT-Image-Jul-29-2025-06_16_18-PM-2-683x1024.png"},{"@type":"BreadcrumbList","@id":"https:\/\/professionelle-umzugsunternehmen-leipzig.de\/uber-uns\/#breadcrumb","itemListElement":[{"@type":"ListItem","position":1,"name":"Startseite","item":"https:\/\/professionelle-umzugsunternehmen-leipzig.de\/tr\/"},{"@type":"ListItem","position":2,"name":"\u00dcber uns"}]},{"@type":"WebSite","@id":"https:\/\/professionelle-umzugsunternehmen-leipzig.de\/en\/#website","url":"https:\/\/professionelle-umzugsunternehmen-leipzig.de\/en\/","name":"Leipzig&#039;taki en iyi nakliye \u015firketi","description":"Professionelle Umzugsunternehmen Leipzig - Praktik Transport und Umz\u00fcge","publisher":{"@id":"https:\/\/professionelle-umzugsunternehmen-leipzig.de\/en\/#organization"},"alternateName":"Professionelle Umzugsunternehmen Leipzig","potentialAction":[{"@type":"SearchAction","target":{"@type":"EntryPoint","urlTemplate":"https:\/\/professionelle-umzugsunternehmen-leipzig.de\/en\/?s={search_term_string}"},"query-input":{"@type":"PropertyValueSpecification","valueRequired":true,"valueName":"search_term_string"}}],"inLanguage":"tr"},{"@type":"Organization","@id":"https:\/\/professionelle-umzugsunternehmen-leipzig.de\/en\/#organization","name":"Pratik Ta\u015f\u0131mac\u0131l\u0131k ve Nakliye","url":"https:\/\/professionelle-umzugsunternehmen-leipzig.de\/en\/","logo":{"@type":"ImageObject","inLanguage":"tr","@id":"https:\/\/professionelle-umzugsunternehmen-leipzig.de\/en\/#\/schema\/logo\/image\/","url":"https:\/\/professionelle-umzugsunternehmen-leipzig.de\/wp-content\/uploads\/2025\/10\/cropped-111111-1.png","contentUrl":"https:\/\/professionelle-umzugsunternehmen-leipzig.de\/wp-content\/uploads\/2025\/10\/cropped-111111-1.png","width":1535,"height":643,"caption":"Praktik Transport und Umz\u00fcge"},"image":{"@id":"https:\/\/professionelle-umzugsunternehmen-leipzig.de\/en\/#\/schema\/logo\/image\/"}}]}},"_hostinger_reach_plugin_has_subscription_block":false,"_hostinger_reach_plugin_is_elementor":false,"uagb_featured_image_src":{"full":false,"thumbnail":false,"medium":false,"medium_large":false,"large":false,"1536x1536":false,"2048x2048":false,"trp-custom-language-flag":false},"uagb_author_info":{"display_name":"emilkemal4@gmail.com","author_link":"https:\/\/professionelle-umzugsunternehmen-leipzig.de\/tr\/author\/emilkemal4gmail-com\/"},"uagb_comment_info":0,"uagb_excerpt":"\u00dcber uns Service vor Ort \u2013 Praktik Transport und Umz\u00fcge Leipzig Seit vielen Jahren steht Praktik Transport und Umz\u00fcge f\u00fcr Qualit\u00e4t und Zuverl\u00e4ssigkeit in der gesamten Region.Ob Privat-, Firmen- oder Spezialumzug \u2013 wir sind \u00fcberall dort, wo Sie uns brauchen, schnell zur Stelle.Unser erfahrenes Team sorgt daf\u00fcr, dass Ihr Umzug professionell, sicher und p\u00fcnktlich ausgef\u00fchrt&hellip;","_links":{"self":[{"href":"https:\/\/professionelle-umzugsunternehmen-leipzig.de\/tr\/wp-json\/wp\/v2\/pages\/16","targetHints":{"allow":["GET"]}}],"collection":[{"href":"https:\/\/professionelle-umzugsunternehmen-leipzig.de\/tr\/wp-json\/wp\/v2\/pages"}],"about":[{"href":"https:\/\/professionelle-umzugsunternehmen-leipzig.de\/tr\/wp-json\/wp\/v2\/types\/page"}],"author":[{"embeddable":true,"href":"https:\/\/professionelle-umzugsunternehmen-leipzig.de\/tr\/wp-json\/wp\/v2\/users\/1"}],"replies":[{"embeddable":true,"href":"https:\/\/professionelle-umzugsunternehmen-leipzig.de\/tr\/wp-json\/wp\/v2\/comments?post=16"}],"version-history":[{"count":49,"href":"https:\/\/professionelle-umzugsunternehmen-leipzig.de\/tr\/wp-json\/wp\/v2\/pages\/16\/revisions"}],"predecessor-version":[{"id":5009,"href":"https:\/\/professionelle-umzugsunternehmen-leipzig.de\/tr\/wp-json\/wp\/v2\/pages\/16\/revisions\/5009"}],"wp:attachment":[{"href":"https:\/\/professionelle-umzugsunternehmen-leipzig.de\/tr\/wp-json\/wp\/v2\/media?parent=16"}],"curies":[{"name":"wp","href":"https:\/\/api.w.org\/{rel}","templated":true}]}}