{"id":3009,"date":"2025-08-01T17:27:05","date_gmt":"2025-08-01T15:27:05","guid":{"rendered":"https:\/\/professionelle-umzugsunternehmen-leipzig.de\/?page_id=3009"},"modified":"2025-10-23T00:36:16","modified_gmt":"2025-10-22T22:36:16","slug":"agb","status":"publish","type":"page","link":"https:\/\/professionelle-umzugsunternehmen-leipzig.de\/tr\/sartlar-ve-kosullar\/","title":{"rendered":"\u015eartlar ve ko\u015fullar"},"content":{"rendered":"<h2 class=\"wp-block-heading\">GENEL \u0130\u015e \u015eARTLARI VE KO\u015eULLARI<\/h2>\n\n\n\n<p>Praktik Transport und Umz\u00fcge, Stromstr 21 10551 Berlin \u2013 bundan sonra \u201cmobilya nakliyecisi\u201d olarak an\u0131lacakt\u0131r.<\/p>\n\n\n\n<p><strong>Ba\u015fka bir ta\u015f\u0131y\u0131c\u0131n\u0131n atanmas\u0131<\/strong><br>Nakliye \u015firketi ba\u015fka bir nakliyeciyle anla\u015fabilir.<\/p>\n\n\n\n<p><strong>Ek hizmetler<\/strong><br>Nakliye \u015firketi, kararla\u015ft\u0131r\u0131lan \u00fccreti \u00f6demesi kar\u015f\u0131l\u0131\u011f\u0131nda, g\u00f6nderenin \u00e7\u0131karlar\u0131 do\u011frultusunda, uygun bir nakliye \u015firketinin ola\u011fan \u00f6zeni ve \u00f6zeni ile y\u00fck\u00fcml\u00fcl\u00fcklerini yerine getirecektir. S\u00f6zle\u015fme imzaland\u0131\u011f\u0131 s\u0131rada \u00f6ng\u00f6r\u00fclemeyen \u00f6zel hizmetler ve masraflar i\u00e7in ek \u00fccretler al\u0131nacakt\u0131r. Ayn\u0131 durum, s\u00f6zle\u015fme imzaland\u0131ktan sonra g\u00f6nderici (m\u00fc\u015fteri) taraf\u0131ndan hizmet kapsam\u0131n\u0131n geni\u015fletilmesi durumunda da ge\u00e7erlidir.<\/p>\n\n\n\n<p><strong>Grup ta\u015f\u0131mac\u0131l\u0131\u011f\u0131<\/strong><br>Ta\u015f\u0131nma i\u015flemi grup ta\u015f\u0131mac\u0131l\u0131\u011f\u0131 olarak da ger\u00e7ekle\u015ftirilebilir.<\/p>\n\n\n\n<p><strong>\u0130pu\u00e7lar\u0131<\/strong><br>Bah\u015fi\u015fler, nakliye \u015firketinin faturas\u0131ndan mahsup edilemez.<\/p>\n\n\n\n<p><strong>Ta\u015f\u0131nma masraflar\u0131n\u0131n geri \u00f6denmesi<\/strong><br>G\u00f6nderici (m\u00fc\u015fteri), \u00e7ama\u015f\u0131r makinesi, plak \u00e7alar, televizyon, radyo, hi-fi cihaz\u0131 ve bilgisayar sistemleri gibi son derece hassas ekipmanlar\u0131n ta\u015f\u0131nabilir veya elektronik par\u00e7alar\u0131n\u0131n nakliye i\u00e7in uygun \u015fekilde sabitlenmesini sa\u011flamakla y\u00fck\u00fcml\u00fcd\u00fcr. Nakliye \u015firketi, nakliye sigortas\u0131n\u0131n uygunlu\u011funu do\u011frulamakla y\u00fck\u00fcml\u00fc de\u011fildir.<\/p>\n\n\n\n<p><strong>Ta\u015f\u0131mac\u0131l\u0131k sigortas\u0131<\/strong><br>G\u00f6nderici (m\u00fc\u015fteri), \u00e7ama\u015f\u0131r makinesi, plak \u00e7alar, televizyon, radyo, m\u00fczik seti ve bilgisayar sistemleri gibi son derece hassas ekipmanlar\u0131n ta\u015f\u0131nabilir veya elektronik par\u00e7alar\u0131n\u0131n nakliye i\u00e7in uygun \u015fekilde g\u00fcvence alt\u0131na al\u0131nmas\u0131n\u0131 sa\u011flamakla y\u00fck\u00fcml\u00fcd\u00fcr. Nakliye \u015firketi, nakliye sigortas\u0131n\u0131n uygun \u015fekilde sigortal\u0131 oldu\u011funu do\u011frulamakla y\u00fck\u00fcml\u00fc de\u011fildir.<\/p>\n\n\n\n<p><strong>Elektrik ve tesisat i\u015fleri<\/strong><br>Aksi kararla\u015ft\u0131r\u0131lmad\u0131\u011f\u0131 takdirde, nakliye firmas\u0131n\u0131n \u00e7al\u0131\u015fanlar\u0131 elektrik, gaz, d\u00fcbel veya di\u011fer tesisat i\u015flerini yapmakla y\u00fck\u00fcml\u00fc de\u011fildir.<\/p>\n\n\n\n<p><strong>Zanaatkar yerle\u015ftirme<\/strong><br>Ek elemanlar arac\u0131l\u0131\u011f\u0131yla hizmet verilmesi durumunda nakliye firmas\u0131n\u0131n tek sorumlulu\u011fu dikkatli se\u00e7im yapmakt\u0131r.<\/p>\n\n\n\n<p><strong>Bill&#039;de<\/strong><br>Nakliye \u015firketinin alacaklar\u0131na kar\u015f\u0131 mahsup, ancak hukuken sabit veya tart\u0131\u015fmas\u0131z olan kar\u015f\u0131 alacaklarla m\u00fcmk\u00fcnd\u00fcr.<\/p>\n\n\n\n<p><strong>Atama<\/strong><br>Yetkili ki\u015finin talebi \u00fczerine nakliyat \u015firketi, akdetti\u011fi sigorta s\u00f6zle\u015fmesi kapsam\u0131nda sahip oldu\u011fu haklar\u0131 yetkili ki\u015fiye devretmekle y\u00fck\u00fcml\u00fcd\u00fcr.<\/p>\n\n\n\n<p><strong>Yanl\u0131\u015f anlamalar<\/strong><br>G\u00f6nderici taraf\u0131ndan yaz\u0131l\u0131 olmayan sipari\u015f onaylar\u0131, talimatlar ve bildirimlerin, bunlar\u0131 kabul etme yetkisi olmayan nakliye firmas\u0131n\u0131n di\u011fer ki\u015filerine g\u00f6nderilmesi halinde, bunlar\u0131n yanl\u0131\u015f anla\u015f\u0131lmas\u0131 riskinden nakliye firmas\u0131 sorumlu de\u011fildir.<\/p>\n\n\n\n<p><strong>G\u00f6nderen taraf\u0131ndan do\u011frulama<\/strong><br>G\u00f6nderici, ta\u015f\u0131nacak e\u015fyay\u0131 teslim al\u0131rken herhangi bir e\u015fyan\u0131n veya e\u015fyan\u0131n yanl\u0131\u015fl\u0131kla al\u0131n\u0131p b\u0131rak\u0131lmad\u0131\u011f\u0131n\u0131 kontrol etmekle y\u00fck\u00fcml\u00fcd\u00fcr.<\/p>\n\n\n\n<p><strong>Anla\u015f\u0131lan \u00fccretin vadesi<\/strong><br>Fatura tutar\u0131, yurt i\u00e7i ta\u015f\u0131malarda bo\u015faltma tamamlanmadan, uluslararas\u0131 ta\u015f\u0131malarda ise y\u00fckleme ba\u015flamadan \u00f6nce \u00f6denir ve nakit veya e\u015fde\u011fer bir \u00f6deme arac\u0131yla \u00f6denir. Yabanc\u0131 para cinsinden nakit masraflar, d\u00f6viz kuruna g\u00f6re \u00f6denir. G\u00f6ndericinin \u00f6deme y\u00fck\u00fcml\u00fcl\u00fc\u011f\u00fcn\u00fc yerine getirmemesi halinde, nakliye \u015firketi mallar\u0131 al\u0131koyma veya ta\u015f\u0131ma ba\u015flad\u0131ktan sonra masraflar\u0131 g\u00f6ndericiye ait olmak \u00fczere depolama hakk\u0131na sahiptir. 419. Madde buna g\u00f6re uygulan\u0131r.<\/p>\n\n\n\n<p><strong>S\u00f6zle\u015fmenin feshi veya s\u00f6zle\u015fmeden \u00e7ekilme<\/strong><br>S\u00f6zle\u015fmenin feshi veya cayma halinde HGB 415, BGB 346 ve devam\u0131 maddelerinin ilgili h\u00fck\u00fcmleri uygulan\u0131r.<\/p>\n\n\n\n<p><strong>Depolama s\u00f6zle\u015fmesi<\/strong><br>Depolama durumunda, Alman Mobilya Ta\u015f\u0131mac\u0131l\u0131\u011f\u0131 Birli\u011fi&#039;nin (ALB) Genel Depolama Ko\u015fullar\u0131 ge\u00e7erlidir. Bu ko\u015fullar, g\u00f6ndericinin talebi \u00fczerine sa\u011flanacakt\u0131r.<\/p>\n\n\n\n<p><strong>Yarg\u0131 yetkisi yeri<\/strong><br>Bu s\u00f6zle\u015fmeden ve ta\u015f\u0131ma emriyle ilgili di\u011fer hukuki sebeplerden kaynaklanan kay\u0131tl\u0131 tacirlerle ilgili hukuki uyu\u015fmazl\u0131klar i\u00e7in, g\u00f6ndericinin g\u00f6revlendirdi\u011fi nakliye \u015firketinin \u015fubesinin bulundu\u011fu yerdeki mahkeme m\u00fcnhas\u0131r yetkilidir. Di\u011fer kay\u0131tl\u0131 tacirlerle ilgili hukuki uyu\u015fmazl\u0131klar i\u00e7in, g\u00f6ndericinin s\u00f6zle\u015fmenin imzalanmas\u0131ndan sonra ikametgah\u0131n\u0131 veya daimi ikametgah\u0131n\u0131 yurt d\u0131\u015f\u0131na ta\u015f\u0131mas\u0131 veya dava a\u00e7\u0131ld\u0131\u011f\u0131 tarihte ikametgah\u0131n\u0131n veya \u015fahsi ikametgah\u0131n\u0131n bilinmemesi halinde m\u00fcnhas\u0131r yetkili yarg\u0131 yetkisi uygulan\u0131r.<\/p>\n\n\n\n<p><strong>Anla\u015fma Almanca<\/strong><strong>&nbsp;Sa\u011f<\/strong><br>Alman hukuku ge\u00e7erlidir.<\/p>","protected":false},"excerpt":{"rendered":"<p>ALLGEMEINE GESCH\u00c4FTSBEDINGUNGEN Praktik Transport und Umz\u00fcge, Stromstr 21 10551 Berlin \u2013 nachfolgend nur,,M\u00f6belspediteur\u201c genannt. Beauftragung eines weiteren Frachtf\u00fchrersDer M\u00f6belspediteur kann einen weiteren Frachtf\u00fchrer heranziehen. ZusatzleistungenDer M\u00f6belspediteur f\u00fchrt unter Weisung des Interesses des Absenders seine Verpflichtungen mit der verkehrs\u00fcblichen Sorgfalt eines ordentlichen M\u00f6belspediteurs gegen Zahlung des vereinbarten Entgelts aus. Zus\u00e4tzlich zu verg\u00fcten sind besondere, bei Vertragsabschluss [&hellip;]<\/p>\n","protected":false},"author":1,"featured_media":0,"parent":0,"menu_order":0,"comment_status":"closed","ping_status":"closed","template":"","meta":{"_uag_custom_page_level_css":"","site-sidebar-layout":"default","site-content-layout":"","ast-site-content-layout":"default","site-content-style":"default","site-sidebar-style":"default","ast-global-header-display":"","ast-banner-title-visibility":"","ast-main-header-display":"","ast-hfb-above-header-display":"","ast-hfb-below-header-display":"","ast-hfb-mobile-header-display":"","site-post-title":"","ast-breadcrumbs-content":"","ast-featured-img":"","footer-sml-layout":"","ast-disable-related-posts":"","theme-transparent-header-meta":"","adv-header-id-meta":"","stick-header-meta":"","header-above-stick-meta":"","header-main-stick-meta":"","header-below-stick-meta":"","astra-migrate-meta-layouts":"set","ast-page-background-enabled":"default","ast-page-background-meta":{"desktop":{"background-color":"var(--ast-global-color-4)","background-image":"","background-repeat":"repeat","background-position":"center center","background-size":"auto","background-attachment":"scroll","background-type":"","background-media":"","overlay-type":"","overlay-color":"","overlay-opacity":"","overlay-gradient":""},"tablet":{"background-color":"","background-image":"","background-repeat":"repeat","background-position":"center center","background-size":"auto","background-attachment":"scroll","background-type":"","background-media":"","overlay-type":"","overlay-color":"","overlay-opacity":"","overlay-gradient":""},"mobile":{"background-color":"","background-image":"","background-repeat":"repeat","background-position":"center center","background-size":"auto","background-attachment":"scroll","background-type":"","background-media":"","overlay-type":"","overlay-color":"","overlay-opacity":"","overlay-gradient":""}},"ast-content-background-meta":{"desktop":{"background-color":"var(--ast-global-color-5)","background-image":"","background-repeat":"repeat","background-position":"center center","background-size":"auto","background-attachment":"scroll","background-type":"","background-media":"","overlay-type":"","overlay-color":"","overlay-opacity":"","overlay-gradient":""},"tablet":{"background-color":"var(--ast-global-color-5)","background-image":"","background-repeat":"repeat","background-position":"center center","background-size":"auto","background-attachment":"scroll","background-type":"","background-media":"","overlay-type":"","overlay-color":"","overlay-opacity":"","overlay-gradient":""},"mobile":{"background-color":"var(--ast-global-color-5)","background-image":"","background-repeat":"repeat","background-position":"center center","background-size":"auto","background-attachment":"scroll","background-type":"","background-media":"","overlay-type":"","overlay-color":"","overlay-opacity":"","overlay-gradient":""}},"footnotes":""},"class_list":["post-3009","page","type-page","status-publish","hentry"],"yoast_head":"<!-- This site is optimized with the Yoast SEO plugin v26.9 - https:\/\/yoast.com\/product\/yoast-seo-wordpress\/ -->\n<title>Agb - Professionelle Umzugsunternehmen Leipzig<\/title>\n<meta name=\"robots\" content=\"index, follow, max-snippet:-1, max-image-preview:large, max-video-preview:-1\" \/>\n<link rel=\"canonical\" href=\"https:\/\/professionelle-umzugsunternehmen-leipzig.de\/tr\/sartlar-ve-kosullar\/\" \/>\n<meta property=\"og:locale\" content=\"tr_TR\" \/>\n<meta property=\"og:type\" content=\"article\" \/>\n<meta property=\"og:title\" content=\"Agb - Professionelle Umzugsunternehmen Leipzig\" \/>\n<meta property=\"og:description\" content=\"ALLGEMEINE GESCH\u00c4FTSBEDINGUNGEN Praktik Transport und Umz\u00fcge, Stromstr 21 10551 Berlin \u2013 nachfolgend nur,,M\u00f6belspediteur\u201c genannt. Beauftragung eines weiteren Frachtf\u00fchrersDer M\u00f6belspediteur kann einen weiteren Frachtf\u00fchrer heranziehen. ZusatzleistungenDer M\u00f6belspediteur f\u00fchrt unter Weisung des Interesses des Absenders seine Verpflichtungen mit der verkehrs\u00fcblichen Sorgfalt eines ordentlichen M\u00f6belspediteurs gegen Zahlung des vereinbarten Entgelts aus. Zus\u00e4tzlich zu verg\u00fcten sind besondere, bei Vertragsabschluss [&hellip;]\" \/>\n<meta property=\"og:url\" content=\"https:\/\/professionelle-umzugsunternehmen-leipzig.de\/tr\/sartlar-ve-kosullar\/\" \/>\n<meta property=\"og:site_name\" content=\"Professionelle Umzugsunternehmen Leipzig\" \/>\n<meta property=\"article:modified_time\" content=\"2025-10-22T22:36:16+00:00\" \/>\n<meta name=\"twitter:card\" content=\"summary_large_image\" \/>\n<meta name=\"twitter:label1\" content=\"Tahmini okuma s\u00fcresi\" \/>\n\t<meta name=\"twitter:data1\" content=\"3 dakika\" \/>\n<script type=\"application\/ld+json\" class=\"yoast-schema-graph\">{\"@context\":\"https:\/\/schema.org\",\"@graph\":[{\"@type\":\"WebPage\",\"@id\":\"https:\/\/professionelle-umzugsunternehmen-leipzig.de\/agb\/\",\"url\":\"https:\/\/professionelle-umzugsunternehmen-leipzig.de\/agb\/\",\"name\":\"Agb - Professionelle Umzugsunternehmen Leipzig\",\"isPartOf\":{\"@id\":\"https:\/\/professionelle-umzugsunternehmen-leipzig.de\/en\/#website\"},\"datePublished\":\"2025-08-01T15:27:05+00:00\",\"dateModified\":\"2025-10-22T22:36:16+00:00\",\"breadcrumb\":{\"@id\":\"https:\/\/professionelle-umzugsunternehmen-leipzig.de\/agb\/#breadcrumb\"},\"inLanguage\":\"tr\",\"potentialAction\":[{\"@type\":\"ReadAction\",\"target\":[\"https:\/\/professionelle-umzugsunternehmen-leipzig.de\/agb\/\"]}]},{\"@type\":\"BreadcrumbList\",\"@id\":\"https:\/\/professionelle-umzugsunternehmen-leipzig.de\/agb\/#breadcrumb\",\"itemListElement\":[{\"@type\":\"ListItem\",\"position\":1,\"name\":\"Startseite\",\"item\":\"https:\/\/professionelle-umzugsunternehmen-leipzig.de\/tr\/\"},{\"@type\":\"ListItem\",\"position\":2,\"name\":\"Agb\"}]},{\"@type\":\"WebSite\",\"@id\":\"https:\/\/professionelle-umzugsunternehmen-leipzig.de\/en\/#website\",\"url\":\"https:\/\/professionelle-umzugsunternehmen-leipzig.de\/en\/\",\"name\":\"Professionelle Umzugsunternehmen Leipzig\",\"description\":\"Professionelle Umzugsunternehmen Leipzig - Praktik Transport und Umz\u00fcge\",\"publisher\":{\"@id\":\"https:\/\/professionelle-umzugsunternehmen-leipzig.de\/en\/#organization\"},\"alternateName\":\"Professionelle Umzugsunternehmen Leipzig\",\"potentialAction\":[{\"@type\":\"SearchAction\",\"target\":{\"@type\":\"EntryPoint\",\"urlTemplate\":\"https:\/\/professionelle-umzugsunternehmen-leipzig.de\/en\/?s={search_term_string}\"},\"query-input\":{\"@type\":\"PropertyValueSpecification\",\"valueRequired\":true,\"valueName\":\"search_term_string\"}}],\"inLanguage\":\"tr\"},{\"@type\":\"Organization\",\"@id\":\"https:\/\/professionelle-umzugsunternehmen-leipzig.de\/en\/#organization\",\"name\":\"Praktik Transport und Umz\u00fcge\",\"url\":\"https:\/\/professionelle-umzugsunternehmen-leipzig.de\/en\/\",\"logo\":{\"@type\":\"ImageObject\",\"inLanguage\":\"tr\",\"@id\":\"https:\/\/professionelle-umzugsunternehmen-leipzig.de\/en\/#\/schema\/logo\/image\/\",\"url\":\"https:\/\/professionelle-umzugsunternehmen-leipzig.de\/wp-content\/uploads\/2025\/10\/cropped-111111-1.png\",\"contentUrl\":\"https:\/\/professionelle-umzugsunternehmen-leipzig.de\/wp-content\/uploads\/2025\/10\/cropped-111111-1.png\",\"width\":1535,\"height\":643,\"caption\":\"Praktik Transport und Umz\u00fcge\"},\"image\":{\"@id\":\"https:\/\/professionelle-umzugsunternehmen-leipzig.de\/en\/#\/schema\/logo\/image\/\"}}]}<\/script>\n<!-- \/ Yoast SEO plugin. -->","yoast_head_json":{"title":"\u015eartlar ve Ko\u015fullar - Leipzig&#039;deki En \u0130yi Ta\u015f\u0131mac\u0131l\u0131k \u015eirketi","robots":{"index":"index","follow":"follow","max-snippet":"max-snippet:-1","max-image-preview":"max-image-preview:large","max-video-preview":"max-video-preview:-1"},"canonical":"https:\/\/professionelle-umzugsunternehmen-leipzig.de\/tr\/sartlar-ve-kosullar\/","og_locale":"tr_TR","og_type":"article","og_title":"Agb - Professionelle Umzugsunternehmen Leipzig","og_description":"ALLGEMEINE GESCH\u00c4FTSBEDINGUNGEN Praktik Transport und Umz\u00fcge, Stromstr 21 10551 Berlin \u2013 nachfolgend nur,,M\u00f6belspediteur\u201c genannt. Beauftragung eines weiteren Frachtf\u00fchrersDer M\u00f6belspediteur kann einen weiteren Frachtf\u00fchrer heranziehen. ZusatzleistungenDer M\u00f6belspediteur f\u00fchrt unter Weisung des Interesses des Absenders seine Verpflichtungen mit der verkehrs\u00fcblichen Sorgfalt eines ordentlichen M\u00f6belspediteurs gegen Zahlung des vereinbarten Entgelts aus. Zus\u00e4tzlich zu verg\u00fcten sind besondere, bei Vertragsabschluss [&hellip;]","og_url":"https:\/\/professionelle-umzugsunternehmen-leipzig.de\/tr\/sartlar-ve-kosullar\/","og_site_name":"Professionelle Umzugsunternehmen Leipzig","article_modified_time":"2025-10-22T22:36:16+00:00","twitter_card":"summary_large_image","twitter_misc":{"Tahmini okuma s\u00fcresi":"3 dakika"},"schema":{"@context":"https:\/\/schema.org","@graph":[{"@type":"WebPage","@id":"https:\/\/professionelle-umzugsunternehmen-leipzig.de\/agb\/","url":"https:\/\/professionelle-umzugsunternehmen-leipzig.de\/agb\/","name":"\u015eartlar ve Ko\u015fullar - Leipzig&#039;deki En \u0130yi Ta\u015f\u0131mac\u0131l\u0131k \u015eirketi","isPartOf":{"@id":"https:\/\/professionelle-umzugsunternehmen-leipzig.de\/en\/#website"},"datePublished":"2025-08-01T15:27:05+00:00","dateModified":"2025-10-22T22:36:16+00:00","breadcrumb":{"@id":"https:\/\/professionelle-umzugsunternehmen-leipzig.de\/agb\/#breadcrumb"},"inLanguage":"tr","potentialAction":[{"@type":"ReadAction","target":["https:\/\/professionelle-umzugsunternehmen-leipzig.de\/agb\/"]}]},{"@type":"BreadcrumbList","@id":"https:\/\/professionelle-umzugsunternehmen-leipzig.de\/agb\/#breadcrumb","itemListElement":[{"@type":"ListItem","position":1,"name":"Startseite","item":"https:\/\/professionelle-umzugsunternehmen-leipzig.de\/tr\/"},{"@type":"ListItem","position":2,"name":"Agb"}]},{"@type":"WebSite","@id":"https:\/\/professionelle-umzugsunternehmen-leipzig.de\/en\/#website","url":"https:\/\/professionelle-umzugsunternehmen-leipzig.de\/en\/","name":"Leipzig&#039;taki en iyi nakliye \u015firketi","description":"Professionelle Umzugsunternehmen Leipzig - Praktik Transport und Umz\u00fcge","publisher":{"@id":"https:\/\/professionelle-umzugsunternehmen-leipzig.de\/en\/#organization"},"alternateName":"Professionelle Umzugsunternehmen Leipzig","potentialAction":[{"@type":"SearchAction","target":{"@type":"EntryPoint","urlTemplate":"https:\/\/professionelle-umzugsunternehmen-leipzig.de\/en\/?s={search_term_string}"},"query-input":{"@type":"PropertyValueSpecification","valueRequired":true,"valueName":"search_term_string"}}],"inLanguage":"tr"},{"@type":"Organization","@id":"https:\/\/professionelle-umzugsunternehmen-leipzig.de\/en\/#organization","name":"Pratik Ta\u015f\u0131mac\u0131l\u0131k ve Nakliye","url":"https:\/\/professionelle-umzugsunternehmen-leipzig.de\/en\/","logo":{"@type":"ImageObject","inLanguage":"tr","@id":"https:\/\/professionelle-umzugsunternehmen-leipzig.de\/en\/#\/schema\/logo\/image\/","url":"https:\/\/professionelle-umzugsunternehmen-leipzig.de\/wp-content\/uploads\/2025\/10\/cropped-111111-1.png","contentUrl":"https:\/\/professionelle-umzugsunternehmen-leipzig.de\/wp-content\/uploads\/2025\/10\/cropped-111111-1.png","width":1535,"height":643,"caption":"Praktik Transport und Umz\u00fcge"},"image":{"@id":"https:\/\/professionelle-umzugsunternehmen-leipzig.de\/en\/#\/schema\/logo\/image\/"}}]}},"_hostinger_reach_plugin_has_subscription_block":false,"_hostinger_reach_plugin_is_elementor":false,"uagb_featured_image_src":{"full":false,"thumbnail":false,"medium":false,"medium_large":false,"large":false,"1536x1536":false,"2048x2048":false,"trp-custom-language-flag":false},"uagb_author_info":{"display_name":"emilkemal4@gmail.com","author_link":"https:\/\/professionelle-umzugsunternehmen-leipzig.de\/tr\/author\/emilkemal4gmail-com\/"},"uagb_comment_info":0,"uagb_excerpt":"ALLGEMEINE GESCH\u00c4FTSBEDINGUNGEN Praktik Transport und Umz\u00fcge, Stromstr 21 10551 Berlin \u2013 nachfolgend nur,,M\u00f6belspediteur\u201c genannt. Beauftragung eines weiteren Frachtf\u00fchrersDer M\u00f6belspediteur kann einen weiteren Frachtf\u00fchrer heranziehen. ZusatzleistungenDer M\u00f6belspediteur f\u00fchrt unter Weisung des Interesses des Absenders seine Verpflichtungen mit der verkehrs\u00fcblichen Sorgfalt eines ordentlichen M\u00f6belspediteurs gegen Zahlung des vereinbarten Entgelts aus. Zus\u00e4tzlich zu verg\u00fcten sind besondere, bei Vertragsabschluss&hellip;","_links":{"self":[{"href":"https:\/\/professionelle-umzugsunternehmen-leipzig.de\/tr\/wp-json\/wp\/v2\/pages\/3009","targetHints":{"allow":["GET"]}}],"collection":[{"href":"https:\/\/professionelle-umzugsunternehmen-leipzig.de\/tr\/wp-json\/wp\/v2\/pages"}],"about":[{"href":"https:\/\/professionelle-umzugsunternehmen-leipzig.de\/tr\/wp-json\/wp\/v2\/types\/page"}],"author":[{"embeddable":true,"href":"https:\/\/professionelle-umzugsunternehmen-leipzig.de\/tr\/wp-json\/wp\/v2\/users\/1"}],"replies":[{"embeddable":true,"href":"https:\/\/professionelle-umzugsunternehmen-leipzig.de\/tr\/wp-json\/wp\/v2\/comments?post=3009"}],"version-history":[{"count":3,"href":"https:\/\/professionelle-umzugsunternehmen-leipzig.de\/tr\/wp-json\/wp\/v2\/pages\/3009\/revisions"}],"predecessor-version":[{"id":3890,"href":"https:\/\/professionelle-umzugsunternehmen-leipzig.de\/tr\/wp-json\/wp\/v2\/pages\/3009\/revisions\/3890"}],"wp:attachment":[{"href":"https:\/\/professionelle-umzugsunternehmen-leipzig.de\/tr\/wp-json\/wp\/v2\/media?parent=3009"}],"curies":[{"name":"wp","href":"https:\/\/api.w.org\/{rel}","templated":true}]}}